{"id":7990,"date":"2022-08-04T20:04:00","date_gmt":"2022-08-04T20:04:00","guid":{"rendered":"https:\/\/care4dairy.eu\/ueber-uns-care4dairy\/"},"modified":"2026-02-16T16:42:16","modified_gmt":"2026-02-16T16:42:16","slug":"ueber-uns-care4dairy","status":"publish","type":"page","link":"https:\/\/care4dairy.eu\/de\/ueber-uns-care4dairy\/","title":{"rendered":"\u00dcber uns &#8211; Care4Dairy"},"content":{"rendered":"<p><div class=\"fusion-fullwidth fullwidth-box fusion-builder-row-1 fusion-flex-container has-pattern-background has-mask-background nonhundred-percent-fullwidth non-hundred-percent-height-scrolling\" style=\"--awb-border-radius-top-left:0px;--awb-border-radius-top-right:0px;--awb-border-radius-bottom-right:0px;--awb-border-radius-bottom-left:0px;--awb-flex-wrap:wrap;\" ><div class=\"fusion-builder-row fusion-row fusion-flex-align-items-flex-start fusion-flex-content-wrap\" style=\"max-width:1420.64px;margin-left: calc(-4% \/ 2 );margin-right: calc(-4% \/ 2 );\"><div class=\"fusion-layout-column fusion_builder_column fusion-builder-column-0 fusion_builder_column_1_1 1_1 fusion-flex-column\" style=\"--awb-bg-size:cover;--awb-width-large:100%;--awb-margin-top-large:0px;--awb-spacing-right-large:1.92%;--awb-margin-bottom-large:20px;--awb-spacing-left-large:1.92%;--awb-width-medium:100%;--awb-order-medium:0;--awb-spacing-right-medium:1.92%;--awb-spacing-left-medium:1.92%;--awb-width-small:100%;--awb-order-small:0;--awb-spacing-right-small:1.92%;--awb-spacing-left-small:1.92%;\"><div class=\"fusion-column-wrapper fusion-column-has-shadow fusion-flex-justify-content-flex-start fusion-content-layout-column\"><div class=\"fusion-title title fusion-title-1 fusion-sep-none fusion-title-text fusion-title-size-one\"><h1 class=\"fusion-title-heading title-heading-left\" style=\"margin:0;\">\u00dcber Care4Dairy<\/h1><\/div><div class=\"fusion-text fusion-text-1\"><p><strong>CARE4DAIRY<\/strong> hat einen Leitfaden f\u00fcr bew\u00e4hrte Praktiken entwickelt, um das Wohlergehen von Milchk\u00e4lbern, F\u00e4rsen, K\u00fchen und Tieren am Ende ihrer Nutzung zu unterst\u00fctzen. Die Leitlinien bestehen aus einer Reihe von Merkbl\u00e4ttern zu wichtigen Themen. Das Projekt ist auf Landwirte ausgerichtet und profitiert von der Beteiligung von Interessenvertretern aus landwirtschaftlichen und veterin\u00e4rmedizinischen Organisationen sowie aus der Wissenschaft.<\/p>\n<p>Das <strong>CARE4DAIRY<\/strong>-Konsortium besteht aus f\u00fcnf Partnern des Referenzzentrums der Europ\u00e4ischen Union f\u00fcr Tierschutz (EURCAW) \u2013 f\u00fcr Wiederk\u00e4uer und Pferde: Professor Harry Blokhuis (Koordinator) und Birgitta Staaf Larsson, Schwedische Universit\u00e4t f\u00fcr Agrarwissenschaften (SLU), Dr. Isabelle Veissier (INRAE, Frankreich), Dr. Evangelia Sossidou (ELGO-DIMITRA, Veterin\u00e4rforschungsinstitut, Griechenland), Dr. Silvia D&#8217;Albenzio (IZSAM, Italien) und die Professorinnen Alison Hanlon und Siobhan Mullan (UCD, Irland). IDELE und Phylum (Frankreich), Spezialisten f\u00fcr angewandte Forschung und Schnittstellenwissenschaften, sind ebenfalls Teil des Konsortiums.<\/p>\n<\/div><div class=\"fusion-text fusion-text-2\"><p>Care4Dairy wurde in f\u00fcnf Aufgabenbereiche gegliedert:<\/p>\n<ul>\n<li>Aufgabe 1: Festlegung der Methodik und des Arbeitsplans<\/li>\n<li>Aufgabe 2: Sammeln von wissenschaftlichen und technischen Informationen \u00fcber das Wohlergehen von Milchk\u00fchen<\/li>\n<li>Aufgabe 3: Ausarbeitung und Bewertung von Leitf\u00e4den f\u00fcr bew\u00e4hrte Praktiken<\/li>\n<li>Aufgabe 4: Konsultation der Interessengruppen und Festlegung der besten Praktiken<\/li>\n<li>Aufgabe 5: Entwicklung und Umsetzung einer Verbreitungsstrategie<\/li>\n<\/ul>\n<p>Um Leitf\u00e4den f\u00fcr bew\u00e4hrte Verfahren im Bereich der Milchproduktion in den EU-Mitgliedstaaten zu entwickeln, wurden in mehreren EU-Mitgliedstaaten nationale Konsultationen mit wichtigen Interessengruppen durchgef\u00fchrt. Das Feedback aus dem Konsultationsprozess wurde genutzt, um die Informationsbl\u00e4tter hinsichtlich ihrer Benutzerfreundlichkeit zu optimieren und sicherzustellen, dass sie f\u00fcr die Umsetzung in landwirtschaftlichen Betrieben geeignet sind.<\/p>\n<p>Die vier Leitf\u00e4den f\u00fcr bew\u00e4hrte Verfahren und die Care4Dairy-Ressourcen sind auf unserer mehrsprachigen Website verf\u00fcgbar.<\/p>\n<p>F\u00fcr weitere Informationen \u00fcber das Care4Dairy-Projekt wenden Sie sich bitte an <a href=\"mailto:info@care4dairy.eu\">info@care4dairy.eu<\/a><\/p>\n<\/div><\/div><\/div><\/div><\/div><div class=\"fusion-fullwidth fullwidth-box fusion-builder-row-2 fusion-flex-container has-pattern-background has-mask-background nonhundred-percent-fullwidth non-hundred-percent-height-scrolling\" style=\"--awb-border-radius-top-left:0px;--awb-border-radius-top-right:0px;--awb-border-radius-bottom-right:0px;--awb-border-radius-bottom-left:0px;--awb-flex-wrap:wrap;\" ><div class=\"fusion-builder-row fusion-row fusion-flex-align-items-flex-start fusion-flex-content-wrap\" style=\"max-width:1420.64px;margin-left: calc(-4% \/ 2 );margin-right: calc(-4% \/ 2 );\"><div class=\"fusion-layout-column fusion_builder_column fusion-builder-column-1 fusion_builder_column_1_1 1_1 fusion-flex-column\" style=\"--awb-bg-size:cover;--awb-width-large:100%;--awb-margin-top-large:0px;--awb-spacing-right-large:1.92%;--awb-margin-bottom-large:20px;--awb-spacing-left-large:1.92%;--awb-width-medium:100%;--awb-order-medium:0;--awb-spacing-right-medium:1.92%;--awb-spacing-left-medium:1.92%;--awb-width-small:100%;--awb-order-small:0;--awb-spacing-right-small:1.92%;--awb-spacing-left-small:1.92%;\"><div class=\"fusion-column-wrapper fusion-column-has-shadow fusion-flex-justify-content-flex-start fusion-content-layout-column\"><div class=\"fusion-image-element \" style=\"--awb-caption-title-font-family:var(--h2_typography-font-family);--awb-caption-title-font-weight:var(--h2_typography-font-weight);--awb-caption-title-font-style:var(--h2_typography-font-style);--awb-caption-title-size:var(--h2_typography-font-size);--awb-caption-title-transform:var(--h2_typography-text-transform);--awb-caption-title-line-height:var(--h2_typography-line-height);--awb-caption-title-letter-spacing:var(--h2_typography-letter-spacing);\"><span class=\" fusion-imageframe imageframe-none imageframe-2 hover-type-none\"><img decoding=\"async\" width=\"1912\" height=\"226\" title=\"C4D Logos &#8211; 1\" src=\"https:\/\/care4dairy.eu\/wp-content\/uploads\/2024\/05\/C4D-Logos-1.jpg\" alt class=\"img-responsive wp-image-13202\" srcset=\"https:\/\/care4dairy.eu\/wp-content\/uploads\/2024\/05\/C4D-Logos-1-200x24.jpg 200w, https:\/\/care4dairy.eu\/wp-content\/uploads\/2024\/05\/C4D-Logos-1-400x47.jpg 400w, https:\/\/care4dairy.eu\/wp-content\/uploads\/2024\/05\/C4D-Logos-1-600x71.jpg 600w, https:\/\/care4dairy.eu\/wp-content\/uploads\/2024\/05\/C4D-Logos-1-800x95.jpg 800w, https:\/\/care4dairy.eu\/wp-content\/uploads\/2024\/05\/C4D-Logos-1-1200x142.jpg 1200w, https:\/\/care4dairy.eu\/wp-content\/uploads\/2024\/05\/C4D-Logos-1.jpg 1912w\" sizes=\"(max-width: 640px) 100vw, 1912px\" \/><\/span><\/div><\/div><\/div><\/div><\/div><div class=\"fusion-fullwidth fullwidth-box fusion-builder-row-3 fusion-flex-container has-pattern-background has-mask-background nonhundred-percent-fullwidth non-hundred-percent-height-scrolling\" style=\"--awb-border-radius-top-left:0px;--awb-border-radius-top-right:0px;--awb-border-radius-bottom-right:0px;--awb-border-radius-bottom-left:0px;--awb-flex-wrap:wrap;\" ><div class=\"fusion-builder-row fusion-row fusion-flex-align-items-flex-start fusion-flex-content-wrap\" style=\"max-width:1420.64px;margin-left: calc(-4% \/ 2 );margin-right: calc(-4% \/ 2 );\"><\/div><\/div><\/p>\n","protected":false},"excerpt":{"rendered":"","protected":false},"author":8,"featured_media":0,"parent":0,"menu_order":0,"comment_status":"closed","ping_status":"closed","template":"100-width.php","meta":{"_acf_changed":false,"_bbp_topic_count":0,"_bbp_reply_count":0,"_bbp_total_topic_count":0,"_bbp_total_reply_count":0,"_bbp_voice_count":0,"_bbp_anonymous_reply_count":0,"_bbp_topic_count_hidden":0,"_bbp_reply_count_hidden":0,"_bbp_forum_subforum_count":0,"inline_featured_image":false,"footnotes":""},"class_list":["post-7990","page","type-page","status-publish","hentry"],"acf":[],"_links":{"self":[{"href":"https:\/\/care4dairy.eu\/de\/wp-json\/wp\/v2\/pages\/7990","targetHints":{"allow":["GET"]}}],"collection":[{"href":"https:\/\/care4dairy.eu\/de\/wp-json\/wp\/v2\/pages"}],"about":[{"href":"https:\/\/care4dairy.eu\/de\/wp-json\/wp\/v2\/types\/page"}],"author":[{"embeddable":true,"href":"https:\/\/care4dairy.eu\/de\/wp-json\/wp\/v2\/users\/8"}],"replies":[{"embeddable":true,"href":"https:\/\/care4dairy.eu\/de\/wp-json\/wp\/v2\/comments?post=7990"}],"version-history":[{"count":11,"href":"https:\/\/care4dairy.eu\/de\/wp-json\/wp\/v2\/pages\/7990\/revisions"}],"predecessor-version":[{"id":20869,"href":"https:\/\/care4dairy.eu\/de\/wp-json\/wp\/v2\/pages\/7990\/revisions\/20869"}],"wp:attachment":[{"href":"https:\/\/care4dairy.eu\/de\/wp-json\/wp\/v2\/media?parent=7990"}],"curies":[{"name":"wp","href":"https:\/\/api.w.org\/{rel}","templated":true}]}}