{"id":8000,"date":"2022-08-04T20:36:39","date_gmt":"2022-08-04T20:36:39","guid":{"rendered":"https:\/\/care4dairy.eu\/newsletter\/"},"modified":"2024-08-13T10:56:06","modified_gmt":"2024-08-13T10:56:06","slug":"newsletter","status":"publish","type":"page","link":"https:\/\/care4dairy.eu\/de\/newsletter\/","title":{"rendered":"Newsletter"},"content":{"rendered":"<div class=\"fusion-fullwidth fullwidth-box fusion-builder-row-1 fusion-flex-container has-pattern-background has-mask-background nonhundred-percent-fullwidth non-hundred-percent-height-scrolling\" style=\"--awb-border-radius-top-left:0px;--awb-border-radius-top-right:0px;--awb-border-radius-bottom-right:0px;--awb-border-radius-bottom-left:0px;--awb-flex-wrap:wrap;\" ><div class=\"fusion-builder-row fusion-row fusion-flex-align-items-flex-start fusion-flex-content-wrap\" style=\"max-width:1420.64px;margin-left: calc(-4% \/ 2 );margin-right: calc(-4% \/ 2 );\"><div class=\"fusion-layout-column fusion_builder_column fusion-builder-column-0 fusion_builder_column_1_1 1_1 fusion-flex-column\" style=\"--awb-bg-size:cover;--awb-width-large:100%;--awb-margin-top-large:0px;--awb-spacing-right-large:1.92%;--awb-margin-bottom-large:20px;--awb-spacing-left-large:1.92%;--awb-width-medium:100%;--awb-order-medium:0;--awb-spacing-right-medium:1.92%;--awb-spacing-left-medium:1.92%;--awb-width-small:100%;--awb-order-small:0;--awb-spacing-right-small:1.92%;--awb-spacing-left-small:1.92%;\"><div class=\"fusion-column-wrapper fusion-column-has-shadow fusion-flex-justify-content-flex-start fusion-content-layout-column\"><div class=\"fusion-title title fusion-title-1 fusion-sep-none fusion-title-text fusion-title-size-one\"><h1 class=\"fusion-title-heading title-heading-left\" style=\"margin:0;\">Newsletter<\/h1><\/div><div class=\"fusion-text fusion-text-1\"><p>Der Care4Dairy-Newsletter informiert Sie \u00fcber unsere Best-Practice-Leitf\u00e4den, Webinare und Informationsveranstaltungen sowie \u00fcber andere Neuigkeiten rund um das Wohlbefinden von Milchk\u00fchen.<\/p>\n<p>Wenn Sie \u00fcber unsere Aktivit\u00e4ten auf dem Laufenden bleiben m\u00f6chten, k\u00f6nnen Sie sich f\u00fcr den Newsletter anmelden.<\/p>\n<p><a href=\"https:\/\/mailchi.mp\/406246b74589\/infocare4dairyeu\">Care4Dairy Newsletter Vol. 1 Oktober 2023<\/a><\/p>\n<p><a href=\"https:\/\/mailchi.mp\/care4dairy.eu\/care4dairy-newsletter-2\">Care4Dairy Newsletter Vol. 2 Mai 2024<\/a><\/p>\n<\/div><div id=\"mc_embed_shell\">\n      <link href=\"\/\/cdn-images.mailchimp.com\/embedcode\/classic-061523.css\" rel=\"stylesheet\" type=\"text\/css\">\n  <style type=\"text\/css\">\n        #mc_embed_signup{background:#fff; false;clear:left; font:14px Helvetica,Arial,sans-serif; width: 600px;}\n        \/* Add your own Mailchimp form style overrides in your site stylesheet or in this style block.\n           We recommend moving this block and the preceding CSS link to the HEAD of your HTML file. *\/\n<\/style><style type=\"text\/css\">\n        #mc-embedded-subscribe-form input[type=checkbox]{display: inline; width: auto;margin-right: 10px;}\n#mergeRow-gdpr {margin-top: 20px;}\n#mergeRow-gdpr fieldset label {font-weight: normal;}\n#mc-embedded-subscribe-form .mc_fieldset{border:none;min-height: 0px;padding-bottom:0px;}\n<\/style>\n<div id=\"mc_embed_signup\">\n    <form action=\"https:\/\/eurcaw-ruminants-equines.us17.list-manage.com\/subscribe\/post?u=f76f9250b82dba09f31c7848e&id=9b68964aac&v_id=4126&f_id=000661e0f0\" method=\"post\" id=\"mc-embedded-subscribe-form\" name=\"mc-embedded-subscribe-form\" class=\"validate\" target=\"_blank\">\n        <div id=\"mc_embed_signup_scroll\"><h2>Abonnieren Sie den Care4Dairy Newsletter<\/h2>\n            <div class=\"indicates-required\"><span class=\"asterisk\">*<\/span> bedeutet erforderlich<\/div>\n            <div class=\"mc-field-group\"><label for=\"mce-EMAIL\">E-Mail Adresse <span class=\"asterisk\">*<\/span><\/label><input type=\"email\" name=\"EMAIL\" class=\"required email\" id=\"mce-EMAIL\" required=\"\" value=\"\"><span id=\"mce-EMAIL-HELPERTEXT\" class=\"helper_text\"><\/span><\/div><div class=\"mc-field-group\"><label for=\"mce-FNAME\">Vorname <\/label><input type=\"text\" name=\"FNAME\" class=\" text\" id=\"mce-FNAME\" value=\"\"><\/div><div class=\"mc-field-group\"><label for=\"mce-LNAME\">Nachname <\/label><input type=\"text\" name=\"LNAME\" class=\" text\" id=\"mce-LNAME\" value=\"\"><\/div><div id=\"mergeRow-gdpr\" class=\"mergeRow gdpr-mergeRow content__gdprBlock mc-field-group\"><div class=\"content__gdpr\"><label>Marketing-Erlaubnisse<\/label><p>Bitte w\u00e4hlen Sie alle M\u00f6glichkeiten aus, von denen Sie h\u00f6ren m\u00f6chten:<\/p><fieldset class=\"mc_fieldset gdprRequired mc-field-group\" name=\"interestgroup_field\"><label class=\"checkbox subfield\" for=\"gdpr90509\"><input type=\"checkbox\" id=\"gdpr_90509\" name=\"gdpr[90509]\" class=\"gdpr\" value=\"Y\"><span>E-Mail<\/span><\/label><\/fieldset><p>Sie k\u00f6nnen sich jederzeit abmelden, indem Sie auf den Link in der Fu\u00dfzeile unserer E-Mails klicken. F\u00fcr Informationen \u00fcber unsere Datenschutzpraktiken besuchen Sie bitte unsere Website.<\/p><\/div><div class=\"content__gdprLegal\"><p>Wir verwenden Mailchimp als unsere Marketingplattform. Wenn Sie unten klicken, um sich anzumelden, erkl\u00e4ren Sie sich damit einverstanden, dass Ihre Daten zur Verarbeitung an Mailchimp \u00fcbertragen werden. <a href=\"https:\/\/mailchimp.com\/legal\/terms\">Erfahren Sie mehr<\/a> \u00fcber die Datenschutzpraktiken von Mailchimp.<\/p><\/div><\/div>\n        <div id=\"mce-responses\" class=\"clear\">\n            <div class=\"response\" id=\"mce-error-response\" style=\"display: none;\"><\/div>\n            <div class=\"response\" id=\"mce-success-response\" style=\"display: none;\"><\/div>\n        <\/div><div aria-hidden=\"true\" style=\"position: absolute; left: -5000px;\"><input type=\"text\" name=\"b_f76f9250b82dba09f31c7848e_9b68964aac\" tabindex=\"-1\" value=\"\"><\/div><div class=\"clear\"><input type=\"submit\" name=\"subscribe\" id=\"mc-embedded-subscribe\" class=\"button\" value=\"Abonnieren\"><\/div>\n    <\/div>\n<\/form>\n<\/div>\n<script type=\"text\/javascript\" src=\"\/\/s3.amazonaws.com\/downloads.mailchimp.com\/js\/mc-validate.js\"><\/script><script type=\"text\/javascript\">(function($) {window.fnames = new Array(); window.ftypes = new Array();fnames[0]='EMAIL';ftypes[0]='email';fnames[1]='FNAME';ftypes[1]='text';fnames[2]='LNAME';ftypes[2]='text';fnames[5]='C4DTAG';ftypes[5]='text';}(jQuery));var $mcj = jQuery.noConflict(true);<\/script><\/div>\n<\/div><\/div><\/div><\/div>\n","protected":false},"excerpt":{"rendered":"","protected":false},"author":8,"featured_media":0,"parent":0,"menu_order":0,"comment_status":"closed","ping_status":"closed","template":"100-width.php","meta":{"_acf_changed":false,"_bbp_topic_count":0,"_bbp_reply_count":0,"_bbp_total_topic_count":0,"_bbp_total_reply_count":0,"_bbp_voice_count":0,"_bbp_anonymous_reply_count":0,"_bbp_topic_count_hidden":0,"_bbp_reply_count_hidden":0,"_bbp_forum_subforum_count":0,"inline_featured_image":false,"footnotes":""},"class_list":["post-8000","page","type-page","status-publish","hentry"],"acf":[],"_links":{"self":[{"href":"https:\/\/care4dairy.eu\/de\/wp-json\/wp\/v2\/pages\/8000","targetHints":{"allow":["GET"]}}],"collection":[{"href":"https:\/\/care4dairy.eu\/de\/wp-json\/wp\/v2\/pages"}],"about":[{"href":"https:\/\/care4dairy.eu\/de\/wp-json\/wp\/v2\/types\/page"}],"author":[{"embeddable":true,"href":"https:\/\/care4dairy.eu\/de\/wp-json\/wp\/v2\/users\/8"}],"replies":[{"embeddable":true,"href":"https:\/\/care4dairy.eu\/de\/wp-json\/wp\/v2\/comments?post=8000"}],"version-history":[{"count":13,"href":"https:\/\/care4dairy.eu\/de\/wp-json\/wp\/v2\/pages\/8000\/revisions"}],"predecessor-version":[{"id":18999,"href":"https:\/\/care4dairy.eu\/de\/wp-json\/wp\/v2\/pages\/8000\/revisions\/18999"}],"wp:attachment":[{"href":"https:\/\/care4dairy.eu\/de\/wp-json\/wp\/v2\/media?parent=8000"}],"curies":[{"name":"wp","href":"https:\/\/api.w.org\/{rel}","templated":true}]}}