{"id":8037,"date":"2023-07-03T16:48:15","date_gmt":"2023-07-03T16:48:15","guid":{"rendered":"https:\/\/care4dairy.eu\/ueber-best-practice-leitfaeden\/"},"modified":"2025-03-20T14:27:09","modified_gmt":"2025-03-20T14:27:09","slug":"ueber-best-practice-leitfaeden","status":"publish","type":"page","link":"https:\/\/care4dairy.eu\/de\/ueber-best-practice-leitfaeden\/","title":{"rendered":"\u00dcber Best Practice-Leitf\u00e4den"},"content":{"rendered":"<div class=\"fusion-fullwidth fullwidth-box fusion-builder-row-1 fusion-flex-container has-pattern-background has-mask-background nonhundred-percent-fullwidth non-hundred-percent-height-scrolling\" style=\"--awb-border-radius-top-left:0px;--awb-border-radius-top-right:0px;--awb-border-radius-bottom-right:0px;--awb-border-radius-bottom-left:0px;--awb-flex-wrap:wrap;\" ><div class=\"fusion-builder-row fusion-row fusion-flex-align-items-flex-start fusion-flex-content-wrap\" style=\"max-width:1420.64px;margin-left: calc(-4% \/ 2 );margin-right: calc(-4% \/ 2 );\"><div class=\"fusion-layout-column fusion_builder_column fusion-builder-column-0 fusion_builder_column_1_1 1_1 fusion-flex-column\" style=\"--awb-bg-size:cover;--awb-width-large:100%;--awb-margin-top-large:0px;--awb-spacing-right-large:1.92%;--awb-margin-bottom-large:20px;--awb-spacing-left-large:1.92%;--awb-width-medium:100%;--awb-order-medium:0;--awb-spacing-right-medium:1.92%;--awb-spacing-left-medium:1.92%;--awb-width-small:100%;--awb-order-small:0;--awb-spacing-right-small:1.92%;--awb-spacing-left-small:1.92%;\"><div class=\"fusion-column-wrapper fusion-column-has-shadow fusion-flex-justify-content-flex-start fusion-content-layout-column\"><div class=\"fusion-title title fusion-title-1 fusion-sep-none fusion-title-text fusion-title-size-one\"><h1 class=\"fusion-title-heading title-heading-left\" style=\"margin:0;\">Leitf\u00e4den f\u00fcr bew\u00e4hrte Verfahren<\/h1><\/div><div class=\"fusion-text fusion-text-1\"><p>Die EU verf\u00fcgt \u00fcber einige der weltweit h\u00f6chsten gesetzlichen Tierschutznormen, die allgemeine Anforderungen an die Aufzucht, den Transport und die Schlachtung von Nutztieren sowie spezifische Anforderungen f\u00fcr bestimmte Tierarten umfassen und den aktuellen wissenschaftlichen Erkenntnissen entsprechen.<\/p>\n<\/div><div class=\"fusion-image-element awb-imageframe-style awb-imageframe-style-below awb-imageframe-style-1\" style=\"text-align:center;--awb-caption-title-font-family:var(--h3_typography-font-family);--awb-caption-title-font-weight:var(--h3_typography-font-weight);--awb-caption-title-font-style:var(--h3_typography-font-style);--awb-caption-title-size:var(--h3_typography-font-size);--awb-caption-title-transform:var(--h3_typography-text-transform);--awb-caption-title-line-height:var(--h3_typography-line-height);--awb-caption-title-letter-spacing:var(--h3_typography-letter-spacing);\"><span class=\" fusion-imageframe imageframe-none imageframe-1 hover-type-none\"><img decoding=\"async\" width=\"2547\" height=\"1211\" src=\"https:\/\/care4dairy.eu\/wp-content\/uploads\/2024\/05\/ECA_DE-1-scaled-e1717074722493.jpg\" alt class=\"img-responsive wp-image-16769\" srcset=\"https:\/\/care4dairy.eu\/wp-content\/uploads\/2024\/05\/ECA_DE-1-scaled-e1717074722493-200x95.jpg 200w, https:\/\/care4dairy.eu\/wp-content\/uploads\/2024\/05\/ECA_DE-1-scaled-e1717074722493-400x190.jpg 400w, https:\/\/care4dairy.eu\/wp-content\/uploads\/2024\/05\/ECA_DE-1-scaled-e1717074722493-600x285.jpg 600w, https:\/\/care4dairy.eu\/wp-content\/uploads\/2024\/05\/ECA_DE-1-scaled-e1717074722493-800x380.jpg 800w, https:\/\/care4dairy.eu\/wp-content\/uploads\/2024\/05\/ECA_DE-1-scaled-e1717074722493-1200x571.jpg 1200w, https:\/\/care4dairy.eu\/wp-content\/uploads\/2024\/05\/ECA_DE-1-scaled-e1717074722493.jpg 2547w\" sizes=\"(max-width: 640px) 100vw, 2547px\" \/><\/span><div class=\"awb-imageframe-caption-container\" style=\"text-align:center;\"><div class=\"awb-imageframe-caption\"><p class=\"awb-imageframe-caption-text\">Abbildung 1. Ma\u00dfnahmen in der EU, die sich auf den Tierschutz auswirken<\/p><\/div><\/div><\/div><div class=\"fusion-text fusion-text-2\"><p>Die Verankerung bew\u00e4hrter Praktiken in der Gesetzgebung ist ein solcher politischer Hebel, und es gibt wichtige Vorschriften f\u00fcr das Wohlergehen von Nutztieren, insbesondere von K\u00e4lbern, es fehlen jedoch Vorschriften f\u00fcr spezifische Anforderungen f\u00fcr Milchk\u00fche. Seit 2008, als die Mindeststandards f\u00fcr K\u00e4lber gesetzlich festgelegt wurden, haben sich die wissenschaftlichen Erkenntnisse \u00fcber die Bed\u00fcrfnisse von K\u00e4lbern, ihr Management und die Risikofaktoren f\u00fcr schlechtes Wohlergehen erheblich verbessert. Ein zweiter politischer Hebel, der eine schnellere Verbreitung neuer Erkenntnisse und die Umsetzung von \u00c4nderungen in den Betrieben erm\u00f6glicht, sind Leitlinien f\u00fcr bew\u00e4hrte Verfahren, die \u00fcber die gesetzlichen Mindestanforderungen hinausgehen und regelm\u00e4\u00dfig aktualisiert werden k\u00f6nnen.<\/p>\n<p><strong>Leitlinien f\u00fcr bew\u00e4hrte Praktiken, die sich sowohl auf die wissenschaftliche Literatur als auch auf innovative Praktiken in den landwirtschaftlichen Betrieben und in der Wertsch\u00f6pfungskette st\u00fctzen, k\u00f6nnen echte Vorteile bringen und die Industrie auf neue Vorschriften vorbereiten.<\/strong><\/p>\n<p>Das Care4Dairy-Konsortium hat gemeinsam Leitf\u00e4den f\u00fcr bew\u00e4hrte Praktiken erstellt, die vier Lebensphasen von Tieren in der Milchwirtschaft abdecken: K\u00e4lber, F\u00e4rsen, K\u00fche am Ende ihrer Nutzung. Diese Leitf\u00e4den f\u00fcr die unterschiedlichen Lebensphasen bestehen aus einer Zusammenstellung von Merkbl\u00e4ttern.<\/p>\n<p>F\u00fcr die Zwecke dieses Projekts werden K\u00e4lber als Rinder von der Geburt bis zu einem Alter von 12 Monaten definiert; F\u00e4rsen sind in der Regel 13 bis 24 Monate alt; erwachsene K\u00fche sind 2 Jahre und \u00e4lter, und K\u00fche am Ende ihrer Nutzung k\u00f6nnen jedes Alter zwischen 2 Jahre und dem Ende ihrer Nutzung haben, bedingt durch nat\u00fcrliches Verenden, Krankheit oder Verletzung.<\/p>\n<\/div><\/div><\/div><\/div><\/div>\n","protected":false},"excerpt":{"rendered":"","protected":false},"author":8,"featured_media":0,"parent":0,"menu_order":0,"comment_status":"closed","ping_status":"closed","template":"100-width.php","meta":{"_acf_changed":false,"_bbp_topic_count":0,"_bbp_reply_count":0,"_bbp_total_topic_count":0,"_bbp_total_reply_count":0,"_bbp_voice_count":0,"_bbp_anonymous_reply_count":0,"_bbp_topic_count_hidden":0,"_bbp_reply_count_hidden":0,"_bbp_forum_subforum_count":0,"inline_featured_image":false,"footnotes":""},"class_list":["post-8037","page","type-page","status-publish","hentry"],"acf":[],"_links":{"self":[{"href":"https:\/\/care4dairy.eu\/de\/wp-json\/wp\/v2\/pages\/8037","targetHints":{"allow":["GET"]}}],"collection":[{"href":"https:\/\/care4dairy.eu\/de\/wp-json\/wp\/v2\/pages"}],"about":[{"href":"https:\/\/care4dairy.eu\/de\/wp-json\/wp\/v2\/types\/page"}],"author":[{"embeddable":true,"href":"https:\/\/care4dairy.eu\/de\/wp-json\/wp\/v2\/users\/8"}],"replies":[{"embeddable":true,"href":"https:\/\/care4dairy.eu\/de\/wp-json\/wp\/v2\/comments?post=8037"}],"version-history":[{"count":24,"href":"https:\/\/care4dairy.eu\/de\/wp-json\/wp\/v2\/pages\/8037\/revisions"}],"predecessor-version":[{"id":20251,"href":"https:\/\/care4dairy.eu\/de\/wp-json\/wp\/v2\/pages\/8037\/revisions\/20251"}],"wp:attachment":[{"href":"https:\/\/care4dairy.eu\/de\/wp-json\/wp\/v2\/media?parent=8037"}],"curies":[{"name":"wp","href":"https:\/\/api.w.org\/{rel}","templated":true}]}}