{"id":7532,"date":"2023-07-03T16:48:15","date_gmt":"2023-07-03T16:48:15","guid":{"rendered":"https:\/\/care4dairy.eu\/about-best-practice-guides\/"},"modified":"2024-05-30T13:17:47","modified_gmt":"2024-05-30T13:17:47","slug":"about-best-practice-guides","status":"publish","type":"page","link":"https:\/\/care4dairy.eu\/es\/about-best-practice-guides\/","title":{"rendered":"Una introducci\u00f3n a las gu\u00edas de buenas pr\u00e1cticas"},"content":{"rendered":"<div class=\"fusion-fullwidth fullwidth-box fusion-builder-row-1 fusion-flex-container has-pattern-background has-mask-background nonhundred-percent-fullwidth non-hundred-percent-height-scrolling\" style=\"--awb-border-radius-top-left:0px;--awb-border-radius-top-right:0px;--awb-border-radius-bottom-right:0px;--awb-border-radius-bottom-left:0px;--awb-flex-wrap:wrap;\" ><div class=\"fusion-builder-row fusion-row fusion-flex-align-items-flex-start fusion-flex-content-wrap\" style=\"max-width:1420.64px;margin-left: calc(-4% \/ 2 );margin-right: calc(-4% \/ 2 );\"><div class=\"fusion-layout-column fusion_builder_column fusion-builder-column-0 fusion_builder_column_1_1 1_1 fusion-flex-column\" style=\"--awb-bg-size:cover;--awb-width-large:100%;--awb-margin-top-large:0px;--awb-spacing-right-large:1.92%;--awb-margin-bottom-large:20px;--awb-spacing-left-large:1.92%;--awb-width-medium:100%;--awb-order-medium:0;--awb-spacing-right-medium:1.92%;--awb-spacing-left-medium:1.92%;--awb-width-small:100%;--awb-order-small:0;--awb-spacing-right-small:1.92%;--awb-spacing-left-small:1.92%;\"><div class=\"fusion-column-wrapper fusion-column-has-shadow fusion-flex-justify-content-flex-start fusion-content-layout-column\"><div class=\"fusion-title title fusion-title-1 fusion-sep-none fusion-title-text fusion-title-size-one\"><h1 class=\"fusion-title-heading title-heading-left\" style=\"margin:0;\"><b>Gu\u00edas de buenas pr\u00e1cticas<\/b><\/h1><\/div><div class=\"fusion-text fusion-text-1\"><p><span style=\"font-weight: 400;\">La UE cuenta con algunas de las normas de bienestar animal m\u00e1s estrictas del mundo, que incluyen requisitos generales sobre la cr\u00eda, el transporte y el sacrificio de animales de granja y requisitos espec\u00edficos para determinadas especies, siempre de acuerdo con las \u00faltimas evidencias cient\u00edficas y empleando diferentes herramientas pol\u00edticas para lograrlo.<\/span><\/p>\n<\/div><div class=\"fusion-image-element awb-imageframe-style awb-imageframe-style-below awb-imageframe-style-1\" style=\"text-align:center;--awb-caption-title-font-family:var(--h3_typography-font-family);--awb-caption-title-font-weight:var(--h3_typography-font-weight);--awb-caption-title-font-style:var(--h3_typography-font-style);--awb-caption-title-size:var(--h3_typography-font-size);--awb-caption-title-transform:var(--h3_typography-text-transform);--awb-caption-title-line-height:var(--h3_typography-line-height);--awb-caption-title-letter-spacing:var(--h3_typography-letter-spacing);\"><span class=\" fusion-imageframe imageframe-none imageframe-1 hover-type-none\"><img decoding=\"async\" width=\"2551\" height=\"1198\" src=\"https:\/\/care4dairy.eu\/wp-content\/uploads\/2024\/05\/ECA_ES-1-scaled-e1717075048324.jpg\" alt class=\"img-responsive wp-image-16873\" srcset=\"https:\/\/care4dairy.eu\/wp-content\/uploads\/2024\/05\/ECA_ES-1-scaled-e1717075048324-200x94.jpg 200w, https:\/\/care4dairy.eu\/wp-content\/uploads\/2024\/05\/ECA_ES-1-scaled-e1717075048324-400x188.jpg 400w, https:\/\/care4dairy.eu\/wp-content\/uploads\/2024\/05\/ECA_ES-1-scaled-e1717075048324-600x282.jpg 600w, https:\/\/care4dairy.eu\/wp-content\/uploads\/2024\/05\/ECA_ES-1-scaled-e1717075048324-800x376.jpg 800w, https:\/\/care4dairy.eu\/wp-content\/uploads\/2024\/05\/ECA_ES-1-scaled-e1717075048324-1200x564.jpg 1200w, https:\/\/care4dairy.eu\/wp-content\/uploads\/2024\/05\/ECA_ES-1-scaled-e1717075048324.jpg 2551w\" sizes=\"(max-width: 640px) 100vw, 2551px\" \/><\/span><div class=\"awb-imageframe-caption-container\" style=\"text-align:center;\"><div class=\"awb-imageframe-caption\"><p class=\"awb-imageframe-caption-text\">Figura 1. Acciones en la UE que repercuten en el bienestar animal<\/p><\/div><\/div><\/div><div class=\"fusion-text fusion-text-2\"><p><span style=\"font-weight: 400;\">Consagrar unas buenas pr\u00e1cticas en la legislaci\u00f3n es una de esas herramientas pol\u00edticas, y existen importantes normativas que cubren el bienestar de los animales de granja, y en concreto de los terneros; sin embargo, no existen normativas que cubran los requisitos espec\u00edficos de las vacas lecheras. Desde 2008, cuando se definieron las normas m\u00ednimas para los terneros en la legislaci\u00f3n, se han producido avances cient\u00edficos significativos en nuestra comprensi\u00f3n de las necesidades de los terneros, su gesti\u00f3n y los factores de riesgo que pueden llevar a un bienestar deficiente. Una segunda herramienta pol\u00edtica para permitir una difusi\u00f3n m\u00e1s \u00e1gil de los nuevos conocimientos y la aplicaci\u00f3n de los cambios en las explotaciones son las directrices de buenas pr\u00e1cticas, que pueden ir m\u00e1s all\u00e1 de los m\u00ednimos legales y actualizarse peri\u00f3dicamente.<\/span><\/p>\n<p><b>Las directrices sobre mejores pr\u00e1cticas, que se basan tanto en la literatura cient\u00edfica como en las pr\u00e1cticas innovadoras de las explotaciones y la cadena de suministro, pueden aportar beneficios reales y ofrecer un medio de preparar a la industria para las nuevas normativas en el futuro.<\/b><\/p>\n<p><span style=\"font-weight: 400;\">El consorcio Care4Dairy ha elaborado gu\u00edas de buenas pr\u00e1cticas que abarcan cuatro etapas de la vida de los animales involucrados en la producci\u00f3n l\u00e1ctea: terneros, novillas, vacas y animales al final de su carrera productiva. Estas gu\u00edas consisten en una recopilaci\u00f3n de fichas informativas.\u00a0<\/span><\/p>\n<p><span style=\"font-weight: 400;\">A efectos de este proyecto, se entiende por terneros los bovinos desde su nacimiento hasta los 12 meses de edad; las novillas a los animales que suelen tener entre 13 y 24 meses; las vacas adultas cuando tienen m\u00e1s de 2 a\u00f1os y en el caso de los animales al final de su carrera productiva pueden tener cualquier edad entre 2 a\u00f1os y el final de su vida, ya sea por retirada de la granja, enfermedad o lesi\u00f3n.<\/span><\/p>\n<\/div><\/div><\/div><\/div><\/div>\n","protected":false},"excerpt":{"rendered":"","protected":false},"author":8,"featured_media":0,"parent":0,"menu_order":0,"comment_status":"closed","ping_status":"closed","template":"100-width.php","meta":{"_acf_changed":false,"_bbp_topic_count":0,"_bbp_reply_count":0,"_bbp_total_topic_count":0,"_bbp_total_reply_count":0,"_bbp_voice_count":0,"_bbp_anonymous_reply_count":0,"_bbp_topic_count_hidden":0,"_bbp_reply_count_hidden":0,"_bbp_forum_subforum_count":0,"inline_featured_image":false,"footnotes":""},"class_list":["post-7532","page","type-page","status-publish","hentry"],"acf":[],"_links":{"self":[{"href":"https:\/\/care4dairy.eu\/es\/wp-json\/wp\/v2\/pages\/7532","targetHints":{"allow":["GET"]}}],"collection":[{"href":"https:\/\/care4dairy.eu\/es\/wp-json\/wp\/v2\/pages"}],"about":[{"href":"https:\/\/care4dairy.eu\/es\/wp-json\/wp\/v2\/types\/page"}],"author":[{"embeddable":true,"href":"https:\/\/care4dairy.eu\/es\/wp-json\/wp\/v2\/users\/8"}],"replies":[{"embeddable":true,"href":"https:\/\/care4dairy.eu\/es\/wp-json\/wp\/v2\/comments?post=7532"}],"version-history":[{"count":15,"href":"https:\/\/care4dairy.eu\/es\/wp-json\/wp\/v2\/pages\/7532\/revisions"}],"predecessor-version":[{"id":16898,"href":"https:\/\/care4dairy.eu\/es\/wp-json\/wp\/v2\/pages\/7532\/revisions\/16898"}],"wp:attachment":[{"href":"https:\/\/care4dairy.eu\/es\/wp-json\/wp\/v2\/media?parent=7532"}],"curies":[{"name":"wp","href":"https:\/\/api.w.org\/{rel}","templated":true}]}}