{"id":8028,"date":"2022-08-04T20:04:00","date_gmt":"2022-08-04T20:04:00","guid":{"rendered":"https:\/\/care4dairy.eu\/sobre-nosotros-care4dairy\/"},"modified":"2026-02-16T16:45:27","modified_gmt":"2026-02-16T16:45:27","slug":"sobre-nosotros-care4dairy","status":"publish","type":"page","link":"https:\/\/care4dairy.eu\/es\/sobre-nosotros-care4dairy\/","title":{"rendered":"Sobre nosotros &#8211; Care4Dairy"},"content":{"rendered":"<p><div class=\"fusion-fullwidth fullwidth-box fusion-builder-row-1 fusion-flex-container has-pattern-background has-mask-background nonhundred-percent-fullwidth non-hundred-percent-height-scrolling\" style=\"--awb-border-radius-top-left:0px;--awb-border-radius-top-right:0px;--awb-border-radius-bottom-right:0px;--awb-border-radius-bottom-left:0px;--awb-flex-wrap:wrap;\" ><div class=\"fusion-builder-row fusion-row fusion-flex-align-items-flex-start fusion-flex-content-wrap\" style=\"max-width:1420.64px;margin-left: calc(-4% \/ 2 );margin-right: calc(-4% \/ 2 );\"><div class=\"fusion-layout-column fusion_builder_column fusion-builder-column-0 fusion_builder_column_1_1 1_1 fusion-flex-column\" style=\"--awb-bg-size:cover;--awb-width-large:100%;--awb-margin-top-large:0px;--awb-spacing-right-large:1.92%;--awb-margin-bottom-large:20px;--awb-spacing-left-large:1.92%;--awb-width-medium:100%;--awb-order-medium:0;--awb-spacing-right-medium:1.92%;--awb-spacing-left-medium:1.92%;--awb-width-small:100%;--awb-order-small:0;--awb-spacing-right-small:1.92%;--awb-spacing-left-small:1.92%;\"><div class=\"fusion-column-wrapper fusion-column-has-shadow fusion-flex-justify-content-flex-start fusion-content-layout-column\"><div class=\"fusion-title title fusion-title-1 fusion-sep-none fusion-title-text fusion-title-size-one\"><h1 class=\"fusion-title-heading title-heading-left\" style=\"margin:0;\">Sobre Care4Dairy<\/h1><\/div><div class=\"fusion-text fusion-text-1\"><p>CARE4DAIRY ha elaborado gu\u00edas de buenas pr\u00e1cticas para fomentar el bienestar de los terneros, novillas y vacas lecheras, adem\u00e1s de los animales al final de su vida productiva. Las gu\u00edas consisten en una serie de fichas informativas sobre temas clave. El proyecto est\u00e1 focalizado en el ganadero y cuenta con la participaci\u00f3n de diversas partes interesadas, tales como organizaciones ganaderas y veterinarias, as\u00ed como del mundo acad\u00e9mico.<\/p>\n<p>El consorcio CARE4DAIRY est\u00e1 formado por cinco socios del Centro de Referencia de la Uni\u00f3n Europea para el Bienestar Animal (EURCAW) &#8211; Rumiantes y Equinos: El profesor Harry Blokhuis (coordinador) y Birgitta Staaf Larsson de la Universidad Sueca de Ciencias Agrarias (SLU), la Dra. Isabelle Veissier (INRAE, Francia), la Dra. Evangelia Sossidou (ELGO-DIMITRA, Instituto de Investigaci\u00f3n Veterinaria, Grecia), la Dra. Silvia D&#8217;Albenzio (IZSAM, Italia) y las profesoras Alison Hanlon y Siobhan Mullan (UCD, Irlanda). Tambi\u00e9n forman parte del consorcio tanto IDELE como Phylum (Francia), especialistas en investigaci\u00f3n aplicada y transferencia.<\/p>\n<\/div><div class=\"fusion-text fusion-text-2\"><p><span style=\"font-weight: 400;\">Care4Dairy ha desarrollado su actividad en base a cinco tareas:<\/span><\/p>\n<ul>\n<li><span style=\"font-weight: 400;\">Tarea 1: Definici\u00f3n de la metodolog\u00eda y del plan de trabajo <\/span><\/li>\n<li>Tarea 2: Recopilar informaci\u00f3n cient\u00edfica y t\u00e9cnica sobre el bienestar del ganado lechero<\/li>\n<li>Tarea 3: Redacci\u00f3n y evaluaci\u00f3n de gu\u00edas de buenas pr\u00e1cticas<\/li>\n<li>Tarea 4: Consulta a las partes interesadas y terminar las mejores pr\u00e1cticas<\/li>\n<li>Tarea 5: Desarrollar y aplicar una estrategia de difusi\u00f3n de los resultados<\/li>\n<\/ul>\n<p>Con el fin de elaborar gu\u00edas de buenas pr\u00e1cticas relevantes para la producci\u00f3n lechera en todos los Estados miembros de la UE, se llevaron a cabo consultas nacionales con las principales partes interesadas en varios Estados miembros de la UE. Los comentarios recopilados durante el proceso de consulta se utilizaron para perfeccionar las fichas informativas en cuanto a su facilidad de uso y garantizar que estuvieran listas para su aplicaci\u00f3n en las explotaciones ganaderas.<\/p>\n<p>Las cuatro gu\u00edas de buenas pr\u00e1cticas y los recursos de Care4Dairy est\u00e1n disponibles en nuestro sitio web multiling\u00fce.<\/p>\n<p><span style=\"font-weight: 400;\">Para m\u00e1s informaci\u00f3n sobre el proyecto Care4Dairy, escr\u00edbanos a<\/span> <a href=\"mailto:info@care4dairy.eu\"><span style=\"font-weight: 400;\">info@care4dairy.eu<\/span><\/a><\/p>\n<\/div><\/div><\/div><\/div><\/div><div class=\"fusion-fullwidth fullwidth-box fusion-builder-row-2 fusion-flex-container has-pattern-background has-mask-background nonhundred-percent-fullwidth non-hundred-percent-height-scrolling\" style=\"--awb-border-radius-top-left:0px;--awb-border-radius-top-right:0px;--awb-border-radius-bottom-right:0px;--awb-border-radius-bottom-left:0px;--awb-flex-wrap:wrap;\" ><div class=\"fusion-builder-row fusion-row fusion-flex-align-items-flex-start fusion-flex-content-wrap\" style=\"max-width:1420.64px;margin-left: calc(-4% \/ 2 );margin-right: calc(-4% \/ 2 );\"><div class=\"fusion-layout-column fusion_builder_column fusion-builder-column-1 fusion_builder_column_1_1 1_1 fusion-flex-column\" style=\"--awb-bg-size:cover;--awb-width-large:100%;--awb-margin-top-large:0px;--awb-spacing-right-large:1.92%;--awb-margin-bottom-large:20px;--awb-spacing-left-large:1.92%;--awb-width-medium:100%;--awb-order-medium:0;--awb-spacing-right-medium:1.92%;--awb-spacing-left-medium:1.92%;--awb-width-small:100%;--awb-order-small:0;--awb-spacing-right-small:1.92%;--awb-spacing-left-small:1.92%;\"><div class=\"fusion-column-wrapper fusion-column-has-shadow fusion-flex-justify-content-flex-start fusion-content-layout-column\"><div class=\"fusion-image-element \" style=\"--awb-caption-title-font-family:var(--h2_typography-font-family);--awb-caption-title-font-weight:var(--h2_typography-font-weight);--awb-caption-title-font-style:var(--h2_typography-font-style);--awb-caption-title-size:var(--h2_typography-font-size);--awb-caption-title-transform:var(--h2_typography-text-transform);--awb-caption-title-line-height:var(--h2_typography-line-height);--awb-caption-title-letter-spacing:var(--h2_typography-letter-spacing);\"><span class=\" fusion-imageframe imageframe-none imageframe-2 hover-type-none\"><img decoding=\"async\" width=\"1912\" height=\"226\" title=\"C4D Logos &#8211; 1\" src=\"https:\/\/care4dairy.eu\/wp-content\/uploads\/2024\/05\/C4D-Logos-1.jpg\" alt class=\"img-responsive wp-image-13215\" srcset=\"https:\/\/care4dairy.eu\/wp-content\/uploads\/2024\/05\/C4D-Logos-1-200x24.jpg 200w, https:\/\/care4dairy.eu\/wp-content\/uploads\/2024\/05\/C4D-Logos-1-400x47.jpg 400w, https:\/\/care4dairy.eu\/wp-content\/uploads\/2024\/05\/C4D-Logos-1-600x71.jpg 600w, https:\/\/care4dairy.eu\/wp-content\/uploads\/2024\/05\/C4D-Logos-1-800x95.jpg 800w, https:\/\/care4dairy.eu\/wp-content\/uploads\/2024\/05\/C4D-Logos-1-1200x142.jpg 1200w, https:\/\/care4dairy.eu\/wp-content\/uploads\/2024\/05\/C4D-Logos-1.jpg 1912w\" sizes=\"(max-width: 640px) 100vw, 1912px\" \/><\/span><\/div><\/div><\/div><\/div><\/div><div class=\"fusion-fullwidth fullwidth-box fusion-builder-row-3 fusion-flex-container has-pattern-background has-mask-background nonhundred-percent-fullwidth non-hundred-percent-height-scrolling\" style=\"--awb-border-radius-top-left:0px;--awb-border-radius-top-right:0px;--awb-border-radius-bottom-right:0px;--awb-border-radius-bottom-left:0px;--awb-flex-wrap:wrap;\" ><div class=\"fusion-builder-row fusion-row fusion-flex-align-items-flex-start fusion-flex-content-wrap\" style=\"max-width:1420.64px;margin-left: calc(-4% \/ 2 );margin-right: calc(-4% \/ 2 );\"><\/div><\/div><\/p>\n","protected":false},"excerpt":{"rendered":"","protected":false},"author":8,"featured_media":0,"parent":0,"menu_order":0,"comment_status":"closed","ping_status":"closed","template":"100-width.php","meta":{"_acf_changed":false,"_bbp_topic_count":0,"_bbp_reply_count":0,"_bbp_total_topic_count":0,"_bbp_total_reply_count":0,"_bbp_voice_count":0,"_bbp_anonymous_reply_count":0,"_bbp_topic_count_hidden":0,"_bbp_reply_count_hidden":0,"_bbp_forum_subforum_count":0,"inline_featured_image":false,"footnotes":""},"class_list":["post-8028","page","type-page","status-publish","hentry"],"acf":[],"_links":{"self":[{"href":"https:\/\/care4dairy.eu\/es\/wp-json\/wp\/v2\/pages\/8028","targetHints":{"allow":["GET"]}}],"collection":[{"href":"https:\/\/care4dairy.eu\/es\/wp-json\/wp\/v2\/pages"}],"about":[{"href":"https:\/\/care4dairy.eu\/es\/wp-json\/wp\/v2\/types\/page"}],"author":[{"embeddable":true,"href":"https:\/\/care4dairy.eu\/es\/wp-json\/wp\/v2\/users\/8"}],"replies":[{"embeddable":true,"href":"https:\/\/care4dairy.eu\/es\/wp-json\/wp\/v2\/comments?post=8028"}],"version-history":[{"count":11,"href":"https:\/\/care4dairy.eu\/es\/wp-json\/wp\/v2\/pages\/8028\/revisions"}],"predecessor-version":[{"id":20870,"href":"https:\/\/care4dairy.eu\/es\/wp-json\/wp\/v2\/pages\/8028\/revisions\/20870"}],"wp:attachment":[{"href":"https:\/\/care4dairy.eu\/es\/wp-json\/wp\/v2\/media?parent=8028"}],"curies":[{"name":"wp","href":"https:\/\/api.w.org\/{rel}","templated":true}]}}