{"id":8263,"date":"2022-08-04T20:02:59","date_gmt":"2022-08-04T20:02:59","guid":{"rendered":"https:\/\/care4dairy.eu\/home\/"},"modified":"2024-05-15T17:00:19","modified_gmt":"2024-05-15T17:00:19","slug":"home","status":"publish","type":"page","link":"https:\/\/care4dairy.eu\/es\/","title":{"rendered":"Inicio"},"content":{"rendered":"<p><div class=\"fusion-fullwidth fullwidth-box fusion-builder-row-1 fusion-flex-container has-pattern-background has-mask-background fusion-parallax-none home-pagebanner-section nonhundred-percent-fullwidth non-hundred-percent-height-scrolling\" style=\"--awb-border-radius-top-left:0px;--awb-border-radius-top-right:0px;--awb-border-radius-bottom-right:0px;--awb-border-radius-bottom-left:0px;--awb-padding-top:260px;--awb-padding-bottom:80px;--awb-background-image:url(&quot;https:\/\/care4dairy.eu\/wp-content\/uploads\/2023\/08\/1920w1200h-Cattle5-IVeissier.jpg&quot;);--awb-background-size:cover;--awb-flex-wrap:wrap;\" ><div class=\"fusion-builder-row fusion-row fusion-flex-align-items-flex-start fusion-flex-content-wrap\" style=\"max-width:1420.64px;margin-left: calc(-4% \/ 2 );margin-right: calc(-4% \/ 2 );\"><div class=\"fusion-layout-column fusion_builder_column fusion-builder-column-0 fusion_builder_column_1_1 1_1 fusion-flex-column\" style=\"--awb-bg-size:cover;--awb-width-large:100%;--awb-margin-top-large:0px;--awb-spacing-right-large:1.92%;--awb-margin-bottom-large:20px;--awb-spacing-left-large:1.92%;--awb-width-medium:100%;--awb-order-medium:0;--awb-spacing-right-medium:1.92%;--awb-spacing-left-medium:1.92%;--awb-width-small:100%;--awb-order-small:0;--awb-spacing-right-small:1.92%;--awb-spacing-left-small:1.92%;\"><div class=\"fusion-column-wrapper fusion-column-has-shadow fusion-flex-justify-content-flex-start fusion-content-layout-column\"><div class=\"fusion-title title fusion-title-1 fusion-sep-none fusion-title-text fusion-title-size-one xl-largetitle-mobile\" style=\"--awb-text-color:#ffffff;--awb-margin-bottom:22px;--awb-font-size:64px;\"><h1 class=\"fusion-title-heading title-heading-left\" style=\"font-family:Verdana, Geneva, sans-serif;font-style:normal;font-weight:400;margin:0;font-size:1em;\">Care4Dairy<\/h1><\/div><form action=\"\/knowledge-base\/\" method=\"get\">\n<div class=\"custom-search-inputbar\">\n<input class=\"search-input\" type=\"text\" placeholder=\"Buscar en la base de conocimientos\" name=\"search\">\n<input class=\"submit-btn\" type=\"submit\" value=\"Env\u00eda\">\n<\/div>\n<\/form><\/div><\/div><\/div><\/div><div class=\"fusion-fullwidth fullwidth-box fusion-builder-row-2 fusion-flex-container has-pattern-background has-mask-background home-newssection nonhundred-percent-fullwidth non-hundred-percent-height-scrolling\" style=\"--awb-border-radius-top-left:0px;--awb-border-radius-top-right:0px;--awb-border-radius-bottom-right:0px;--awb-border-radius-bottom-left:0px;--awb-padding-top:60px;--awb-padding-bottom:60px;--awb-flex-wrap:wrap;\" ><div class=\"fusion-builder-row fusion-row fusion-flex-align-items-flex-start fusion-flex-content-wrap\" style=\"max-width:1420.64px;margin-left: calc(-4% \/ 2 );margin-right: calc(-4% \/ 2 );\"><div class=\"fusion-layout-column fusion_builder_column fusion-builder-column-1 fusion_builder_column_1_1 1_1 fusion-flex-column\" style=\"--awb-bg-size:cover;--awb-width-large:100%;--awb-margin-top-large:0px;--awb-spacing-right-large:1.92%;--awb-margin-bottom-large:20px;--awb-spacing-left-large:1.92%;--awb-width-medium:100%;--awb-order-medium:0;--awb-spacing-right-medium:1.92%;--awb-spacing-left-medium:1.92%;--awb-width-small:100%;--awb-order-small:0;--awb-spacing-right-small:1.92%;--awb-spacing-left-small:1.92%;\"><div class=\"fusion-column-wrapper fusion-column-has-shadow fusion-flex-justify-content-flex-start fusion-content-layout-column\"><div class=\"fusion-title title fusion-title-2 fusion-sep-none fusion-title-text fusion-title-size-two largeheading-mobile\" style=\"--awb-margin-bottom:60px;--awb-font-size:46px;\"><h2 class=\"fusion-title-heading title-heading-left\" style=\"margin:0;font-size:1em;\">Noticias<\/h2><\/div><div class=\"fusion-builder-row fusion-builder-row-inner fusion-row fusion-flex-align-items-flex-start fusion-flex-content-wrap\" style=\"width:104% !important;max-width:104% !important;margin-left: calc(-4% \/ 2 );margin-right: calc(-4% \/ 2 );\"><div class=\"fusion-layout-column fusion_builder_column_inner fusion-builder-nested-column-0 fusion_builder_column_inner_1_2 1_2 fusion-flex-column news-1-post\" style=\"--awb-bg-size:cover;--awb-width-large:50%;--awb-margin-top-large:0px;--awb-spacing-right-large:3.84%;--awb-margin-bottom-large:0px;--awb-spacing-left-large:3.84%;--awb-width-medium:50%;--awb-order-medium:0;--awb-spacing-right-medium:3.84%;--awb-spacing-left-medium:3.84%;--awb-width-small:100%;--awb-order-small:0;--awb-spacing-right-small:1.92%;--awb-spacing-left-small:1.92%;\"><div class=\"fusion-column-wrapper fusion-column-has-shadow fusion-flex-justify-content-flex-start fusion-content-layout-column\"><div class=\"fusion-blog-shortcode fusion-blog-shortcode-1 fusion-blog-archive fusion-blog-layout-large fusion-blog-no\" style=\"--awb-title-font-size:28px;\"><div class=\"fusion-posts-container fusion-posts-container-no\" data-pages=\"48\"><article id=\"blog-1-post-21076\" class=\"fusion-post-large post-21076 post type-post status-publish format-standard has-post-thumbnail hentry category-news-es tag-animal-welfare tag-cow-calf-contact tag-eu tag-european-union tag-transform-dairy-net\">\n\t<style type=\"text\/css\">\n\t\t\n\t\t\n\t\t\n\t\t\n\t\t\t<\/style>\n\n\n\t\t\t<div class=\"fusion-flexslider flexslider fusion-flexslider-loading fusion-post-slideshow\" style=\"\">\n\t\t<ul class=\"slides\">\n\t\t\t\n\t\t\t\t\t\t\t\t\t\t\t\t\t\t<li><div  class=\"fusion-image-wrapper\" aria-haspopup=\"true\">\n\t\t\t\t\t\t\t<a href=\"https:\/\/care4dairy.eu\/es\/transformdairynet-to-host-second-european-knowledge-and-innovation-network-ekin-in-may-2026\/\" aria-label=\"TransformDairyNet to host second European Knowledge and Innovation Network (EKIN) in May 2026\">\n\t\t\t\t\t\t\t<img decoding=\"async\" src=\"https:\/\/care4dairy.eu\/wp-content\/uploads\/2026\/04\/EKIN-2-Transform-Dairy-Net.png\" alt=\"EKIN-2-Transform-Dairy-Net\" class=\"\" \/><p class='custom_caption'>\u00a9 TransformDairyNet<\/p>\t\t\t<\/a>\n\t\t\t\t\t\t\t<\/div>\n<\/li>\n\t\t\t\n\t\t\t\n\t\t\t\t\t\t\t\t\t\t\t\t\t\t\t\t\t\t\t\t\t\t\t\t\t\t\t\t\t\t\t\t\t\t\t\t\t\t\t\t\t\t\t\t\t\t\t\t\t\t\t\t\t\t\t\t\t\t\t\t\t\t\t\t\t\t\t\t<\/ul>\n\t<\/div>\n\t<div class=\"fusion-post-content post-content\"><h2 class=\"blog-shortcode-post-title entry-title\">TransformDairyNet to host second European Knowledge and Innovation Network (EKIN) in May 2026<\/h2><div class=\"fusion-post-content-container\"><p>TransformDairyNet will host its second European Knowledge and Innovation Network (EKIN) meeting on 20 May 2026 in Bucharest, Romania, with an online streaming option available for remote participants. This key ...<\/p><\/div><\/div><div class=\"fusion-clearfix\"><\/div><div class=\"fusion-meta-info\"><div class=\"fusion-alignleft\"><span class=\"vcard\" style=\"display: none;\"><span class=\"fn\"><a href=\"https:\/\/care4dairy.eu\/es\/author\/leysi-rubioarevich\/\" title=\"Entradas de leysi rubioarevich\" rel=\"author\">leysi rubioarevich<\/a><\/span><\/span><span class=\"updated\" style=\"display:none;\">2026-04-13T13:34:45+00:00<\/span><span>abril 13, 2026<\/span><span class=\"fusion-inline-sep\">|<\/span><a href=\"https:\/\/care4dairy.eu\/es\/category\/news-es\/\" rel=\"category tag\">Noticias<\/a><span class=\"fusion-inline-sep\">|<\/span><\/div><\/div><\/article>\n<\/div><\/div><\/div><\/div><div class=\"fusion-layout-column fusion_builder_column_inner fusion-builder-nested-column-1 fusion_builder_column_inner_1_4 1_4 fusion-flex-column news-3-post\" style=\"--awb-bg-size:cover;--awb-width-large:25%;--awb-margin-top-large:0px;--awb-spacing-right-large:7.68%;--awb-margin-bottom-large:10px;--awb-spacing-left-large:7.68%;--awb-width-medium:25%;--awb-order-medium:0;--awb-spacing-right-medium:7.68%;--awb-spacing-left-medium:7.68%;--awb-width-small:100%;--awb-order-small:0;--awb-spacing-right-small:1.92%;--awb-spacing-left-small:1.92%;\"><div class=\"fusion-column-wrapper fusion-column-has-shadow fusion-flex-justify-content-flex-start fusion-content-layout-column\"><div class=\"fusion-blog-shortcode fusion-blog-shortcode-2 fusion-blog-archive fusion-blog-layout-large fusion-blog-no fusion-blog-no-images\" style=\"--awb-title-font-size:22px;\"><div class=\"fusion-posts-container fusion-posts-container-no\" data-pages=\"12\"><article id=\"blog-2-post-21076\" class=\"fusion-post-large post-21076 post type-post status-publish format-standard has-post-thumbnail hentry category-news-es tag-animal-welfare tag-cow-calf-contact tag-eu tag-european-union tag-transform-dairy-net\">\n<div class=\"fusion-post-content post-content\"><h2 class=\"blog-shortcode-post-title entry-title\">TransformDairyNet to host second European Knowledge and Innovation Network (EKIN) in May 2026<\/h2><div class=\"fusion-post-content-container\"><p>TransformDairyNet will host its second European Knowledge and Innovation Network ...<\/p><\/div><\/div><div class=\"fusion-clearfix\"><\/div><div class=\"fusion-meta-info\"><div class=\"fusion-alignleft\"><span class=\"vcard\" style=\"display: none;\"><span class=\"fn\"><a href=\"https:\/\/care4dairy.eu\/es\/author\/leysi-rubioarevich\/\" title=\"Entradas de leysi rubioarevich\" rel=\"author\">leysi rubioarevich<\/a><\/span><\/span><span class=\"updated\" style=\"display:none;\">2026-04-13T13:34:45+00:00<\/span><span>abril 13, 2026<\/span><span class=\"fusion-inline-sep\">|<\/span><a href=\"https:\/\/care4dairy.eu\/es\/category\/news-es\/\" rel=\"category tag\">Noticias<\/a><span class=\"fusion-inline-sep\">|<\/span><\/div><\/div><\/article>\n<article id=\"blog-2-post-20494\" class=\"fusion-post-large post-20494 post type-post status-publish format-standard has-post-thumbnail hentry category-news-es tag-publication-es\">\n<div class=\"fusion-post-content post-content\"><h2 class=\"blog-shortcode-post-title entry-title\">Feeding calves with oesophageal tubing<\/h2><div class=\"fusion-post-content-container\"><p> The EU Reference Centre for Animal Welfare (EURCAW) - ...<\/p><\/div><\/div><div class=\"fusion-clearfix\"><\/div><div class=\"fusion-meta-info\"><div class=\"fusion-alignleft\"><span class=\"vcard\" style=\"display: none;\"><span class=\"fn\"><a href=\"https:\/\/care4dairy.eu\/es\/author\/alison\/\" title=\"Entradas de Alison Hanlon\" rel=\"author\">Alison Hanlon<\/a><\/span><\/span><span class=\"updated\" style=\"display:none;\">2025-09-11T11:03:35+00:00<\/span><span>septiembre 11, 2025<\/span><span class=\"fusion-inline-sep\">|<\/span><a href=\"https:\/\/care4dairy.eu\/es\/category\/news-es\/\" rel=\"category tag\">Noticias<\/a><span class=\"fusion-inline-sep\">|<\/span><\/div><\/div><\/article>\n<article id=\"blog-2-post-20434\" class=\"fusion-post-large post-20434 post type-post status-publish format-standard has-post-thumbnail hentry category-news-es tag-webinar-es\">\n<div class=\"fusion-post-content post-content\"><h2 class=\"blog-shortcode-post-title entry-title\">Cow-calf contact systems webinar<\/h2><div class=\"fusion-post-content-container\"><p> TransformDairyNet are hosting a webinar 'Veterinary insights on cow-calf ...<\/p><\/div><\/div><div class=\"fusion-clearfix\"><\/div><div class=\"fusion-meta-info\"><div class=\"fusion-alignleft\"><span class=\"vcard\" style=\"display: none;\"><span class=\"fn\"><a href=\"https:\/\/care4dairy.eu\/es\/author\/alison\/\" title=\"Entradas de Alison Hanlon\" rel=\"author\">Alison Hanlon<\/a><\/span><\/span><span class=\"updated\" style=\"display:none;\">2025-09-11T10:50:17+00:00<\/span><span>septiembre 11, 2025<\/span><span class=\"fusion-inline-sep\">|<\/span><a href=\"https:\/\/care4dairy.eu\/es\/category\/news-es\/\" rel=\"category tag\">Noticias<\/a><span class=\"fusion-inline-sep\">|<\/span><\/div><\/div><\/article>\n<article id=\"blog-2-post-20411\" class=\"fusion-post-large post-20411 post type-post status-publish format-standard has-post-thumbnail hentry category-news-es tag-podcasts-es\">\n<div class=\"fusion-post-content post-content\"><h2 class=\"blog-shortcode-post-title entry-title\">Ya est\u00e1n disponibles los podcasts en ingl\u00e9s sobre alimentaci\u00f3n de terneros<\/h2><div class=\"fusion-post-content-container\"><p> Todas las ediciones en ingl\u00e9s del audio sobre alimentaci\u00f3n ...<\/p><\/div><\/div><div class=\"fusion-clearfix\"><\/div><div class=\"fusion-meta-info\"><div class=\"fusion-alignleft\"><span class=\"vcard\" style=\"display: none;\"><span class=\"fn\"><a href=\"https:\/\/care4dairy.eu\/es\/author\/gillian\/\" title=\"Entradas de Gillian Power\" rel=\"author\">Gillian Power<\/a><\/span><\/span><span class=\"updated\" style=\"display:none;\">2025-04-15T16:01:29+00:00<\/span><span>abril 15, 2025<\/span><span class=\"fusion-inline-sep\">|<\/span><a href=\"https:\/\/care4dairy.eu\/es\/category\/news-es\/\" rel=\"category tag\">Noticias<\/a><span class=\"fusion-inline-sep\">|<\/span><\/div><\/div><\/article>\n<\/div><\/div><\/div><\/div><div class=\"fusion-layout-column fusion_builder_column_inner fusion-builder-nested-column-2 fusion_builder_column_inner_1_4 1_4 fusion-flex-column linkscol-knowledge\" style=\"--awb-padding-top:50px;--awb-padding-right:30px;--awb-padding-bottom:30px;--awb-padding-left:30px;--awb-padding-top-small:40px;--awb-padding-right-small:20px;--awb-padding-bottom-small:20px;--awb-padding-left-small:20px;--awb-bg-color:#f1f3f1;--awb-bg-color-hover:#f1f3f1;--awb-bg-size:cover;--awb-width-large:25%;--awb-margin-top-large:0px;--awb-spacing-right-large:7.68%;--awb-margin-bottom-large:20px;--awb-spacing-left-large:7.68%;--awb-width-medium:25%;--awb-order-medium:0;--awb-spacing-right-medium:7.68%;--awb-spacing-left-medium:7.68%;--awb-width-small:100%;--awb-order-small:0;--awb-spacing-right-small:1.92%;--awb-spacing-left-small:1.92%;\"><div class=\"fusion-column-wrapper fusion-column-has-shadow fusion-flex-justify-content-flex-start fusion-content-layout-column\"><div class=\"fusion-title title fusion-title-3 fusion-sep-none fusion-title-text fusion-title-size-four\" style=\"--awb-margin-top:0px;--awb-margin-bottom:34px;--awb-font-size:13px;\"><h4 class=\"fusion-title-heading title-heading-left\" style=\"font-family:&quot;Roboto&quot;;font-style:normal;font-weight:500;margin:0;font-size:1em;letter-spacing:1px;\">ACCESO R\u00c1PIDO A GU\u00cdAS DE BUENAS PR\u00c1CTICAS<\/h4><\/div>\t\t\t<div class=\"post-title-menu-code\">\t\n\t\t\t\t<!--<button class=\"back-btn-mbl\">Back<\/button>\t\n\t\t\t\t<h4 class=\"submenu-title\">Welfare Topics<\/h4>-->\n\t\t\t\t\t\t\n\t\t\t\t<a class=\"title-menu\" href=\"https:\/\/care4dairy.eu\/es\/best-practice-guides\/terneros-lecheros\/\">Terneros lecheros<\/a>\t\n\t\t\t\t\t\t\n\t\t\t\t<a class=\"title-menu\" href=\"https:\/\/care4dairy.eu\/es\/best-practice-guides\/dairy-heifers\/\">Novillas<\/a>\t\n\t\t\t\t\t\t\n\t\t\t\t<a class=\"title-menu\" href=\"https:\/\/care4dairy.eu\/es\/best-practice-guides\/dairy-cows\/\">Vacas<\/a>\t\n\t\t\t\t\t\t\n\t\t\t\t<a class=\"title-menu\" href=\"https:\/\/care4dairy.eu\/es\/best-practice-guides\/end-of-career-cows\/\">Vacas al fin de su carrera productiva<\/a>\t\n\t\t\t\t\t\t\t<\/div>\n\t<\/div><\/div><\/div><div ><a class=\"fusion-button button-flat fusion-button-default-size button-custom fusion-button-default button-1 fusion-button-default-span fusion-button-default-type fusion-has-button-gradient\" style=\"--button_accent_color:var(--awb-custom_color_1);--button_accent_hover_color:mint;--button_border_hover_color:var(--awb-color1);--button_gradient_top_color:rgba(127,127,127,0);--button_gradient_bottom_color:rgba(232,232,232,0);--button_gradient_top_color_hover:rgba(163,163,163,0);--button_gradient_bottom_color_hover:rgba(145,145,145,0);--button_padding-top:0px;--button_padding-right:0px;--button_padding-bottom:0px;--button_padding-left:0px;\" target=\"_self\" href=\"https:\/\/care4dairy.eu\/es\/category\/news-es\/\"><i class=\"fa-arrow-circle-right fas button-icon-left\" aria-hidden=\"true\"><\/i><span class=\"fusion-button-text\">Ir al resumen de noticias<\/span><\/a><\/div><\/div><\/div><\/div><\/div><\/p>\n","protected":false},"excerpt":{"rendered":"","protected":false},"author":8,"featured_media":0,"parent":0,"menu_order":0,"comment_status":"closed","ping_status":"closed","template":"100-width.php","meta":{"_acf_changed":false,"_bbp_topic_count":0,"_bbp_reply_count":0,"_bbp_total_topic_count":0,"_bbp_total_reply_count":0,"_bbp_voice_count":0,"_bbp_anonymous_reply_count":0,"_bbp_topic_count_hidden":0,"_bbp_reply_count_hidden":0,"_bbp_forum_subforum_count":0,"inline_featured_image":false,"footnotes":""},"class_list":["post-8263","page","type-page","status-publish","hentry"],"acf":[],"_links":{"self":[{"href":"https:\/\/care4dairy.eu\/es\/wp-json\/wp\/v2\/pages\/8263","targetHints":{"allow":["GET"]}}],"collection":[{"href":"https:\/\/care4dairy.eu\/es\/wp-json\/wp\/v2\/pages"}],"about":[{"href":"https:\/\/care4dairy.eu\/es\/wp-json\/wp\/v2\/types\/page"}],"author":[{"embeddable":true,"href":"https:\/\/care4dairy.eu\/es\/wp-json\/wp\/v2\/users\/8"}],"replies":[{"embeddable":true,"href":"https:\/\/care4dairy.eu\/es\/wp-json\/wp\/v2\/comments?post=8263"}],"version-history":[{"count":9,"href":"https:\/\/care4dairy.eu\/es\/wp-json\/wp\/v2\/pages\/8263\/revisions"}],"predecessor-version":[{"id":14607,"href":"https:\/\/care4dairy.eu\/es\/wp-json\/wp\/v2\/pages\/8263\/revisions\/14607"}],"wp:attachment":[{"href":"https:\/\/care4dairy.eu\/es\/wp-json\/wp\/v2\/media?parent=8263"}],"curies":[{"name":"wp","href":"https:\/\/api.w.org\/{rel}","templated":true}]}}