{"id":5183,"date":"2022-08-04T20:04:00","date_gmt":"2022-08-04T20:04:00","guid":{"rendered":"https:\/\/care4dairy.eu\/?page_id=5183"},"modified":"2026-02-16T16:37:35","modified_gmt":"2026-02-16T16:37:35","slug":"a-propos-de-nous-care4dairy","status":"publish","type":"page","link":"https:\/\/care4dairy.eu\/fr\/a-propos-de-nous-care4dairy\/","title":{"rendered":"\u00c0 propos de nous &#8211; Care4Dairy"},"content":{"rendered":"<p><div class=\"fusion-fullwidth fullwidth-box fusion-builder-row-1 fusion-flex-container has-pattern-background has-mask-background nonhundred-percent-fullwidth non-hundred-percent-height-scrolling\" style=\"--awb-border-radius-top-left:0px;--awb-border-radius-top-right:0px;--awb-border-radius-bottom-right:0px;--awb-border-radius-bottom-left:0px;--awb-flex-wrap:wrap;\" ><div class=\"fusion-builder-row fusion-row fusion-flex-align-items-flex-start fusion-flex-content-wrap\" style=\"max-width:1420.64px;margin-left: calc(-4% \/ 2 );margin-right: calc(-4% \/ 2 );\"><div class=\"fusion-layout-column fusion_builder_column fusion-builder-column-0 fusion_builder_column_1_1 1_1 fusion-flex-column\" style=\"--awb-bg-size:cover;--awb-width-large:100%;--awb-margin-top-large:0px;--awb-spacing-right-large:1.92%;--awb-margin-bottom-large:20px;--awb-spacing-left-large:1.92%;--awb-width-medium:100%;--awb-order-medium:0;--awb-spacing-right-medium:1.92%;--awb-spacing-left-medium:1.92%;--awb-width-small:100%;--awb-order-small:0;--awb-spacing-right-small:1.92%;--awb-spacing-left-small:1.92%;\"><div class=\"fusion-column-wrapper fusion-column-has-shadow fusion-flex-justify-content-flex-start fusion-content-layout-column\"><div class=\"fusion-title title fusion-title-1 fusion-sep-none fusion-title-text fusion-title-size-one\"><h1 class=\"fusion-title-heading title-heading-left\" style=\"margin:0;\">\u00c0 propos de Care4Dairy<\/h1><\/div><div class=\"fusion-text fusion-text-1\"><p>CARE4DAIRY a \u00e9labor\u00e9 des guides de bonnes pratiques pour favoriser le bien-\u00eatre des veaux, g\u00e9nisses et vaches laiti\u00e8res et des animaux en fin de carri\u00e8re. Ces guides consistent en une s\u00e9rie de fiches d&rsquo;information sur des sujets cl\u00e9s. Le projet est centr\u00e9 sur l&rsquo;\u00e9leveur et b\u00e9n\u00e9ficie de l&rsquo;implication de parties prenantes allant d&rsquo;organisations agricoles et v\u00e9t\u00e9rinaires, jusqu\u2019au monde universitaire.<\/p>\n<p>Le consortium CARE4DAIRY est compos\u00e9 de cinq partenaires du Centre de r\u00e9f\u00e9rence de l&rsquo;Union europ\u00e9enne pour le bien-\u00eatre animal (EURCAW) &#8211; Ruminants et \u00e9quid\u00e9s : Harry Blokhuis (coordinateur) et Birgitta Staaf Larsson, de l&rsquo;Universit\u00e9 su\u00e9doise des sciences agricoles (SLU), Isabelle Veissier (INRAE, France), Evangelia Sossidou (ELGO-DIMITRA, Institut de recherche v\u00e9t\u00e9rinaire, Gr\u00e8ce), Silvia D&rsquo;Albenzio (IZSAM, Italie) et les professeurs Alison Hanlon et Siobhan Mullan (UCD, Irlande). L&rsquo;IDELE et Phylum (France), sp\u00e9cialistes de la recherche appliqu\u00e9e et des sciences en lien avec le terrain, font \u00e9galement partie du consortium.<\/p>\n<\/div><div class=\"fusion-text fusion-text-2\"><p><span style=\"font-weight: 400;\">Care4Dairy a \u00e9t\u00e9 structur\u00e9 en cinq t\u00e2ches:<\/span><\/p>\n<ul>\n<li><span style=\"font-weight: 400;\">T\u00e2che 1 : D\u00e9finition de la m\u00e9thodologie et du plan de travail <\/span><\/li>\n<li>T\u00e2che 2 : Collecte d'informations scientifiques et techniques sur le bien-\u00eatre des bovins laitiers<\/li>\n<li>T\u00e2che 3 : r\u00e9daction et \u00e9valuation des guides de bonnes pratiques<\/li>\n<li>T\u00e2che 4 : Consultation des parties prenantes et finalisation des meilleures pratiques<\/li>\n<li>T\u00e2che 5 : \u00e9laborer et mettre en \u0153uvre une strat\u00e9gie de diffusion<\/li>\n<\/ul>\n<p><span style=\"font-weight: 400;\">Afin d'\u00e9laborer des guides de bonnes pratiques applicables \u00e0 la production laiti\u00e8re dans les \u00c9tats membres de l'UE, des consultations nationales avec les principales parties prenantes ont \u00e9t\u00e9 men\u00e9es dans plusieurs \u00c9tats membres de l'UE. Le retour d'information issu du processus de consultation a permis d'affiner les fiches d'information en termes de facilit\u00e9 d'utilisation et de s'assurer qu'elles sont pr\u00eates \u00e0 \u00eatre mises en \u0153uvre dans les exploitations agricoles.<\/span><\/p>\n<p>Les guides de bonnes pratiques et les fiches d'information sont disponibles sur notre site web multilingue et sur l'application pour smartphone Care4Dairy. Ils servent de base \u00e0 une s\u00e9rie d'\u00e9v\u00e9nements de formation organis\u00e9s dans plusieurs \u00c9tats membres de l'UE.<\/p>\n<p><span style=\"font-weight: 400;\">Pour plus d'informations sur le projet Care4Dairy, veuillez contacter<\/span> <a href=\"mailto:info@care4dairy.eu\"><span style=\"font-weight: 400;\">info@care4dairy.eu<\/span><\/a><\/p>\n<\/div><\/div><\/div><\/div><\/div><div class=\"fusion-fullwidth fullwidth-box fusion-builder-row-2 fusion-flex-container has-pattern-background has-mask-background nonhundred-percent-fullwidth non-hundred-percent-height-scrolling\" style=\"--awb-border-radius-top-left:0px;--awb-border-radius-top-right:0px;--awb-border-radius-bottom-right:0px;--awb-border-radius-bottom-left:0px;--awb-flex-wrap:wrap;\" ><div class=\"fusion-builder-row fusion-row fusion-flex-align-items-flex-start fusion-flex-content-wrap\" style=\"max-width:1420.64px;margin-left: calc(-4% \/ 2 );margin-right: calc(-4% \/ 2 );\"><div class=\"fusion-layout-column fusion_builder_column fusion-builder-column-1 fusion_builder_column_1_1 1_1 fusion-flex-column\" style=\"--awb-bg-size:cover;--awb-width-large:100%;--awb-margin-top-large:0px;--awb-spacing-right-large:1.92%;--awb-margin-bottom-large:20px;--awb-spacing-left-large:1.92%;--awb-width-medium:100%;--awb-order-medium:0;--awb-spacing-right-medium:1.92%;--awb-spacing-left-medium:1.92%;--awb-width-small:100%;--awb-order-small:0;--awb-spacing-right-small:1.92%;--awb-spacing-left-small:1.92%;\"><div class=\"fusion-column-wrapper fusion-column-has-shadow fusion-flex-justify-content-flex-start fusion-content-layout-column\"><div class=\"fusion-image-element \" style=\"--awb-caption-title-font-family:var(--h2_typography-font-family);--awb-caption-title-font-weight:var(--h2_typography-font-weight);--awb-caption-title-font-style:var(--h2_typography-font-style);--awb-caption-title-size:var(--h2_typography-font-size);--awb-caption-title-transform:var(--h2_typography-text-transform);--awb-caption-title-line-height:var(--h2_typography-line-height);--awb-caption-title-letter-spacing:var(--h2_typography-letter-spacing);\"><span class=\" fusion-imageframe imageframe-none imageframe-2 hover-type-none\"><img decoding=\"async\" width=\"1912\" height=\"226\" title=\"C4D Logos &#8211; 1\" src=\"https:\/\/care4dairy.eu\/wp-content\/uploads\/2024\/05\/C4D-Logos-1.jpg\" alt class=\"img-responsive wp-image-13201\" srcset=\"https:\/\/care4dairy.eu\/wp-content\/uploads\/2024\/05\/C4D-Logos-1-200x24.jpg 200w, https:\/\/care4dairy.eu\/wp-content\/uploads\/2024\/05\/C4D-Logos-1-400x47.jpg 400w, https:\/\/care4dairy.eu\/wp-content\/uploads\/2024\/05\/C4D-Logos-1-600x71.jpg 600w, https:\/\/care4dairy.eu\/wp-content\/uploads\/2024\/05\/C4D-Logos-1-800x95.jpg 800w, https:\/\/care4dairy.eu\/wp-content\/uploads\/2024\/05\/C4D-Logos-1-1200x142.jpg 1200w, https:\/\/care4dairy.eu\/wp-content\/uploads\/2024\/05\/C4D-Logos-1.jpg 1912w\" sizes=\"(max-width: 640px) 100vw, 1912px\" \/><\/span><\/div><\/div><\/div><\/div><\/div><div class=\"fusion-fullwidth fullwidth-box fusion-builder-row-3 fusion-flex-container has-pattern-background has-mask-background nonhundred-percent-fullwidth non-hundred-percent-height-scrolling\" style=\"--awb-border-radius-top-left:0px;--awb-border-radius-top-right:0px;--awb-border-radius-bottom-right:0px;--awb-border-radius-bottom-left:0px;--awb-flex-wrap:wrap;\" ><div class=\"fusion-builder-row fusion-row fusion-flex-align-items-flex-start fusion-flex-content-wrap\" style=\"max-width:1420.64px;margin-left: calc(-4% \/ 2 );margin-right: calc(-4% \/ 2 );\"><\/div><\/div><\/p>\n","protected":false},"excerpt":{"rendered":"","protected":false},"author":8,"featured_media":0,"parent":0,"menu_order":0,"comment_status":"closed","ping_status":"closed","template":"100-width.php","meta":{"_acf_changed":false,"_bbp_topic_count":0,"_bbp_reply_count":0,"_bbp_total_topic_count":0,"_bbp_total_reply_count":0,"_bbp_voice_count":0,"_bbp_anonymous_reply_count":0,"_bbp_topic_count_hidden":0,"_bbp_reply_count_hidden":0,"_bbp_forum_subforum_count":0,"inline_featured_image":false,"footnotes":""},"class_list":["post-5183","page","type-page","status-publish","hentry"],"acf":[],"_links":{"self":[{"href":"https:\/\/care4dairy.eu\/fr\/wp-json\/wp\/v2\/pages\/5183","targetHints":{"allow":["GET"]}}],"collection":[{"href":"https:\/\/care4dairy.eu\/fr\/wp-json\/wp\/v2\/pages"}],"about":[{"href":"https:\/\/care4dairy.eu\/fr\/wp-json\/wp\/v2\/types\/page"}],"author":[{"embeddable":true,"href":"https:\/\/care4dairy.eu\/fr\/wp-json\/wp\/v2\/users\/8"}],"replies":[{"embeddable":true,"href":"https:\/\/care4dairy.eu\/fr\/wp-json\/wp\/v2\/comments?post=5183"}],"version-history":[{"count":25,"href":"https:\/\/care4dairy.eu\/fr\/wp-json\/wp\/v2\/pages\/5183\/revisions"}],"predecessor-version":[{"id":20867,"href":"https:\/\/care4dairy.eu\/fr\/wp-json\/wp\/v2\/pages\/5183\/revisions\/20867"}],"wp:attachment":[{"href":"https:\/\/care4dairy.eu\/fr\/wp-json\/wp\/v2\/media?parent=5183"}],"curies":[{"name":"wp","href":"https:\/\/api.w.org\/{rel}","templated":true}]}}