{"id":8118,"date":"2023-07-03T16:48:15","date_gmt":"2023-07-03T16:48:15","guid":{"rendered":"https:\/\/care4dairy.eu\/about-best-practice-guides\/"},"modified":"2024-05-30T13:09:35","modified_gmt":"2024-05-30T13:09:35","slug":"about-best-practice-guides","status":"publish","type":"page","link":"https:\/\/care4dairy.eu\/fr\/about-best-practice-guides\/","title":{"rendered":"Guides de bonnes pratiques"},"content":{"rendered":"<div class=\"fusion-fullwidth fullwidth-box fusion-builder-row-1 fusion-flex-container has-pattern-background has-mask-background nonhundred-percent-fullwidth non-hundred-percent-height-scrolling\" style=\"--awb-border-radius-top-left:0px;--awb-border-radius-top-right:0px;--awb-border-radius-bottom-right:0px;--awb-border-radius-bottom-left:0px;--awb-flex-wrap:wrap;\" ><div class=\"fusion-builder-row fusion-row fusion-flex-align-items-flex-start fusion-flex-content-wrap\" style=\"max-width:1420.64px;margin-left: calc(-4% \/ 2 );margin-right: calc(-4% \/ 2 );\"><div class=\"fusion-layout-column fusion_builder_column fusion-builder-column-0 fusion_builder_column_1_1 1_1 fusion-flex-column\" style=\"--awb-bg-size:cover;--awb-width-large:100%;--awb-margin-top-large:0px;--awb-spacing-right-large:1.92%;--awb-margin-bottom-large:20px;--awb-spacing-left-large:1.92%;--awb-width-medium:100%;--awb-order-medium:0;--awb-spacing-right-medium:1.92%;--awb-spacing-left-medium:1.92%;--awb-width-small:100%;--awb-order-small:0;--awb-spacing-right-small:1.92%;--awb-spacing-left-small:1.92%;\"><div class=\"fusion-column-wrapper fusion-column-has-shadow fusion-flex-justify-content-flex-start fusion-content-layout-column\"><div class=\"fusion-title title fusion-title-1 fusion-sep-none fusion-title-text fusion-title-size-one\"><h1 class=\"fusion-title-heading title-heading-left\" style=\"margin:0;\"><b>Guides de bonnes pratiques<\/b><\/h1><\/div><div class=\"fusion-text fusion-text-1\"><p><span style=\"font-weight: 400;\">L&rsquo;UE dispose de normes r\u00e9glementaires en mati\u00e8re de bien-\u00eatre animal qui sont parmi les plus strictes au monde: notamment des exigences g\u00e9n\u00e9rales en mati\u00e8re d&rsquo;\u00e9levage, de transport et d&rsquo;abattage des animaux de ferme, ainsi que des exigences sp\u00e9cifiques pour certaines esp\u00e8ces, conform\u00e9ment aux preuves scientifiques r\u00e9centes, et l\u2019UE utilise diff\u00e9rents leviers politiques pour y parvenir.<\/span><\/p>\n<\/div><div class=\"fusion-image-element awb-imageframe-style awb-imageframe-style-below awb-imageframe-style-1\" style=\"text-align:center;--awb-caption-title-font-family:var(--h3_typography-font-family);--awb-caption-title-font-weight:var(--h3_typography-font-weight);--awb-caption-title-font-style:var(--h3_typography-font-style);--awb-caption-title-size:var(--h3_typography-font-size);--awb-caption-title-transform:var(--h3_typography-text-transform);--awb-caption-title-line-height:var(--h3_typography-line-height);--awb-caption-title-letter-spacing:var(--h3_typography-letter-spacing);\"><span class=\" fusion-imageframe imageframe-none imageframe-1 hover-type-none\"><img decoding=\"async\" width=\"2551\" height=\"1207\" src=\"https:\/\/care4dairy.eu\/wp-content\/uploads\/2024\/05\/ECA_FR-1-scaled-e1717074556640.jpg\" alt class=\"img-responsive wp-image-16743\" srcset=\"https:\/\/care4dairy.eu\/wp-content\/uploads\/2024\/05\/ECA_FR-1-scaled-e1717074556640-200x95.jpg 200w, https:\/\/care4dairy.eu\/wp-content\/uploads\/2024\/05\/ECA_FR-1-scaled-e1717074556640-400x189.jpg 400w, https:\/\/care4dairy.eu\/wp-content\/uploads\/2024\/05\/ECA_FR-1-scaled-e1717074556640-600x284.jpg 600w, https:\/\/care4dairy.eu\/wp-content\/uploads\/2024\/05\/ECA_FR-1-scaled-e1717074556640-800x379.jpg 800w, https:\/\/care4dairy.eu\/wp-content\/uploads\/2024\/05\/ECA_FR-1-scaled-e1717074556640-1200x568.jpg 1200w, https:\/\/care4dairy.eu\/wp-content\/uploads\/2024\/05\/ECA_FR-1-scaled-e1717074556640.jpg 2551w\" sizes=\"(max-width: 640px) 100vw, 2551px\" \/><\/span><div class=\"awb-imageframe-caption-container\" style=\"text-align:center;\"><div class=\"awb-imageframe-caption\"><p class=\"awb-imageframe-caption-text\">Figure 1. Actions dans l'UE ayant un impact sur le bien-\u00eatre des animaux.<\/p><\/div><\/div><\/div><div class=\"fusion-text fusion-text-2\"><p><span style=\"font-weight: 400;\">L&rsquo;inscription des bonnes pratiques dans la l\u00e9gislation est l&rsquo;un de ces leviers politiques, et il existe des r\u00e8glements importants concernant le bien-\u00eatre des animaux d&rsquo;\u00e9levage, et plus particuli\u00e8rement des veaux, mais il n&rsquo;y a pas de r\u00e8glement couvrant les besoins sp\u00e9cifiques des vaches laiti\u00e8res. Depuis 2008, date \u00e0 laquelle les normes minimales pour les veaux ont \u00e9t\u00e9 d\u00e9finies dans la l\u00e9gislation, des progr\u00e8s scientifiques significatifs ont \u00e9t\u00e9 r\u00e9alis\u00e9s dans notre compr\u00e9hension des besoins des veaux, de leur gestion et des facteurs de risque d&rsquo;un bien-\u00eatre appauvri. Les lignes directrices relatives aux meilleures pratiques, qui vont au-del\u00e0 des minima l\u00e9gaux et sont r\u00e9guli\u00e8rement mises \u00e0 jour, constituent un deuxi\u00e8me levier politique permettant une diffusion plus souple des nouvelles connaissances et la mise en \u0153uvre des changements dans les exploitations.<\/span><\/p>\n<p><b>Les lignes directrices en mati\u00e8re de bonnes pratiques qui s&rsquo;appuient \u00e0 la fois sur la litt\u00e9rature scientifique et sur les pratiques innovantes des exploitations agricoles et de la cha\u00eene d&rsquo;approvisionnement peuvent apporter de r\u00e9els avantages et offrir un moyen de pr\u00e9parer l&rsquo;industrie aux nouvelles r\u00e9glementations.<\/b><\/p>\n<p><span style=\"font-weight: 400;\">Le consortium Care4Dairy a collabor\u00e9 pour \u00e9laborer des guides de bonnes pratiques couvrant quatre p\u00e9riodes de la vie des animaux utilis\u00e9s dans l&rsquo;industrie laiti\u00e8re : les veaux, les g\u00e9nisses, les vaches et les animaux en fin de carri\u00e8re. Ces guides consistent en une compilation de fiches d&rsquo;information.\u00a0<\/span><\/p>\n<p><span style=\"font-weight: 400;\">Dans le cadre de ce projet, les veaux sont d\u00e9finis comme des bovins de la naissance \u00e0 12 mois ; les g\u00e9nisses sont g\u00e9n\u00e9ralement \u00e2g\u00e9es de 13 \u00e0 24 mois ; les vaches adultes sont \u00e2g\u00e9es de plus de 2 ans et les animaux en fin de carri\u00e8re peuvent avoir n&rsquo;importe quel \u00e2ge entre 2 ans et la fin de leur vie productive en raison d\u2019une r\u00e9forme, d&rsquo;une maladie ou d&rsquo;une blessure.<\/span><\/p>\n<\/div><\/div><\/div><\/div><\/div>\n","protected":false},"excerpt":{"rendered":"","protected":false},"author":8,"featured_media":0,"parent":0,"menu_order":0,"comment_status":"closed","ping_status":"closed","template":"100-width.php","meta":{"_acf_changed":false,"_bbp_topic_count":0,"_bbp_reply_count":0,"_bbp_total_topic_count":0,"_bbp_total_reply_count":0,"_bbp_voice_count":0,"_bbp_anonymous_reply_count":0,"_bbp_topic_count_hidden":0,"_bbp_reply_count_hidden":0,"_bbp_forum_subforum_count":0,"inline_featured_image":false,"footnotes":""},"class_list":["post-8118","page","type-page","status-publish","hentry"],"acf":[],"_links":{"self":[{"href":"https:\/\/care4dairy.eu\/fr\/wp-json\/wp\/v2\/pages\/8118","targetHints":{"allow":["GET"]}}],"collection":[{"href":"https:\/\/care4dairy.eu\/fr\/wp-json\/wp\/v2\/pages"}],"about":[{"href":"https:\/\/care4dairy.eu\/fr\/wp-json\/wp\/v2\/types\/page"}],"author":[{"embeddable":true,"href":"https:\/\/care4dairy.eu\/fr\/wp-json\/wp\/v2\/users\/8"}],"replies":[{"embeddable":true,"href":"https:\/\/care4dairy.eu\/fr\/wp-json\/wp\/v2\/comments?post=8118"}],"version-history":[{"count":12,"href":"https:\/\/care4dairy.eu\/fr\/wp-json\/wp\/v2\/pages\/8118\/revisions"}],"predecessor-version":[{"id":16768,"href":"https:\/\/care4dairy.eu\/fr\/wp-json\/wp\/v2\/pages\/8118\/revisions\/16768"}],"wp:attachment":[{"href":"https:\/\/care4dairy.eu\/fr\/wp-json\/wp\/v2\/media?parent=8118"}],"curies":[{"name":"wp","href":"https:\/\/api.w.org\/{rel}","templated":true}]}}