{"id":8152,"date":"2022-08-04T21:11:14","date_gmt":"2022-08-04T21:11:14","guid":{"rendered":"https:\/\/care4dairy.eu\/disclaimer\/"},"modified":"2024-04-19T15:02:31","modified_gmt":"2024-04-19T15:02:31","slug":"disclaimer","status":"publish","type":"page","link":"https:\/\/care4dairy.eu\/fr\/disclaimer\/","title":{"rendered":"Disclaimer"},"content":{"rendered":"<div class=\"fusion-fullwidth fullwidth-box fusion-builder-row-1 fusion-flex-container has-pattern-background has-mask-background nonhundred-percent-fullwidth non-hundred-percent-height-scrolling\" style=\"--awb-border-radius-top-left:0px;--awb-border-radius-top-right:0px;--awb-border-radius-bottom-right:0px;--awb-border-radius-bottom-left:0px;--awb-flex-wrap:wrap;\" ><div class=\"fusion-builder-row fusion-row fusion-flex-align-items-flex-start fusion-flex-content-wrap\" style=\"max-width:1420.64px;margin-left: calc(-4% \/ 2 );margin-right: calc(-4% \/ 2 );\"><div class=\"fusion-layout-column fusion_builder_column fusion-builder-column-0 fusion_builder_column_1_1 1_1 fusion-flex-column\" style=\"--awb-bg-size:cover;--awb-width-large:100%;--awb-margin-top-large:0px;--awb-spacing-right-large:1.92%;--awb-margin-bottom-large:20px;--awb-spacing-left-large:1.92%;--awb-width-medium:100%;--awb-order-medium:0;--awb-spacing-right-medium:1.92%;--awb-spacing-left-medium:1.92%;--awb-width-small:100%;--awb-order-small:0;--awb-spacing-right-small:1.92%;--awb-spacing-left-small:1.92%;\"><div class=\"fusion-column-wrapper fusion-column-has-shadow fusion-flex-justify-content-flex-start fusion-content-layout-column\"><div class=\"fusion-text fusion-text-1\"><p><b>Care4Dairy clause de non-responsabilit\u00e9 :<\/b><\/p>\n<p><span style=\"font-weight: 400;\">Sauf mention expresse, Care4Dairy conserve les droits sur les informations pr\u00e9sent\u00e9es sur son site web et dans ses applications. Ces informations comprennent le texte, le mat\u00e9riel graphique, les enregistrements audio et les logos. Sans la permission de Care4Dairy, il est interdit de reproduire, dupliquer ou rendre disponible toute partie du contenu de ses sites web.\u00a0<\/span><\/p>\n<p><span style=\"font-weight: 400;\">Bien que nous fassions tout notre possible pour afficher des informations correctes et actuelles, certaines informations peuvent ne pas \u00eatre totalement exactes ou actuelles. En cas de doute, veuillez nous contacter \u00e0 l&rsquo;adresse suivante : info@care4dairy.eu\u00a0<\/span><\/p>\n<p><span style=\"font-weight: 400;\">Pour aider et informer davantage l\u2019utilisateur, des r\u00e9f\u00e9rences \u00e0 des sites qui ne sont pas g\u00e9r\u00e9s par Care4Dairy ont \u00e9galement \u00e9t\u00e9 incluses. Care4Dairy n&rsquo;est pas responsable du contenu et du fonctionnement de ces sites, ni des offres qui y sont faites. Care4Dairy n&rsquo;est pas non plus responsable de la mani\u00e8re dont ces sites traitent les informations personnelles.\u00a0<\/span><\/p>\n<p><span style=\"font-weight: 400;\">Les termes et conditions de cette clause de non-responsabilit\u00e9 peuvent \u00eatre adapt\u00e9s sans pr\u00e9avis. Les modifications entrent en vigueur d\u00e8s qu&rsquo;elles sont publi\u00e9es sur le site web.<\/span><\/p>\n<p><span style=\"font-weight: 400;\">Les positions exprim\u00e9es dans ce rapport ne repr\u00e9sentent pas n\u00e9cessairement la position officielle de la Commission Europ\u00e9enne.<\/span><\/p>\n<\/div><\/div><\/div><\/div><\/div>\n","protected":false},"excerpt":{"rendered":"","protected":false},"author":8,"featured_media":0,"parent":0,"menu_order":0,"comment_status":"closed","ping_status":"closed","template":"100-width.php","meta":{"_acf_changed":false,"_bbp_topic_count":0,"_bbp_reply_count":0,"_bbp_total_topic_count":0,"_bbp_total_reply_count":0,"_bbp_voice_count":0,"_bbp_anonymous_reply_count":0,"_bbp_topic_count_hidden":0,"_bbp_reply_count_hidden":0,"_bbp_forum_subforum_count":0,"inline_featured_image":false,"footnotes":""},"class_list":["post-8152","page","type-page","status-publish","hentry"],"acf":[],"_links":{"self":[{"href":"https:\/\/care4dairy.eu\/fr\/wp-json\/wp\/v2\/pages\/8152","targetHints":{"allow":["GET"]}}],"collection":[{"href":"https:\/\/care4dairy.eu\/fr\/wp-json\/wp\/v2\/pages"}],"about":[{"href":"https:\/\/care4dairy.eu\/fr\/wp-json\/wp\/v2\/types\/page"}],"author":[{"embeddable":true,"href":"https:\/\/care4dairy.eu\/fr\/wp-json\/wp\/v2\/users\/8"}],"replies":[{"embeddable":true,"href":"https:\/\/care4dairy.eu\/fr\/wp-json\/wp\/v2\/comments?post=8152"}],"version-history":[{"count":1,"href":"https:\/\/care4dairy.eu\/fr\/wp-json\/wp\/v2\/pages\/8152\/revisions"}],"predecessor-version":[{"id":8153,"href":"https:\/\/care4dairy.eu\/fr\/wp-json\/wp\/v2\/pages\/8152\/revisions\/8153"}],"wp:attachment":[{"href":"https:\/\/care4dairy.eu\/fr\/wp-json\/wp\/v2\/media?parent=8152"}],"curies":[{"name":"wp","href":"https:\/\/api.w.org\/{rel}","templated":true}]}}