{"id":8159,"date":"2022-09-26T08:48:19","date_gmt":"2022-09-26T08:48:19","guid":{"rendered":"https:\/\/care4dairy.eu\/roadshows\/"},"modified":"2025-03-11T12:00:10","modified_gmt":"2025-03-11T12:00:10","slug":"roadshows","status":"publish","type":"page","link":"https:\/\/care4dairy.eu\/fr\/roadshows\/","title":{"rendered":"Tourn\u00e9es de pr\u00e9sentation"},"content":{"rendered":"<div class=\"fusion-fullwidth fullwidth-box fusion-builder-row-1 fusion-flex-container has-pattern-background has-mask-background nonhundred-percent-fullwidth non-hundred-percent-height-scrolling\" style=\"--awb-border-radius-top-left:0px;--awb-border-radius-top-right:0px;--awb-border-radius-bottom-right:0px;--awb-border-radius-bottom-left:0px;--awb-flex-wrap:wrap;\" ><div class=\"fusion-builder-row fusion-row fusion-flex-align-items-flex-start fusion-flex-content-wrap\" style=\"max-width:1420.64px;margin-left: calc(-4% \/ 2 );margin-right: calc(-4% \/ 2 );\"><div class=\"fusion-layout-column fusion_builder_column fusion-builder-column-0 fusion_builder_column_1_1 1_1 fusion-flex-column\" style=\"--awb-bg-size:cover;--awb-width-large:100%;--awb-margin-top-large:0px;--awb-spacing-right-large:1.92%;--awb-margin-bottom-large:20px;--awb-spacing-left-large:1.92%;--awb-width-medium:100%;--awb-order-medium:0;--awb-spacing-right-medium:1.92%;--awb-spacing-left-medium:1.92%;--awb-width-small:100%;--awb-order-small:0;--awb-spacing-right-small:1.92%;--awb-spacing-left-small:1.92%;\"><div class=\"fusion-column-wrapper fusion-column-has-shadow fusion-flex-justify-content-flex-start fusion-content-layout-column\"><div class=\"fusion-title title fusion-title-1 fusion-sep-none fusion-title-text fusion-title-size-one\"><h1 class=\"fusion-title-heading title-heading-left\" style=\"margin:0;\"><b>Tourn\u00e9es de pr\u00e9sentation<\/b><\/h1><\/div><div class=\"fusion-text fusion-text-1\"><p>Un programme de tourn\u00e9es de pr\u00e9sentation a \u00e9t\u00e9 organis\u00e9 dans plusieurs \u00c9tats membres de l&rsquo;UE de fin 2023 \u00e0 2024. L&rsquo;objectif de ces tourn\u00e9es \u00e9tait de pr\u00e9senter les lignes directrices des meilleures pratiques de Care4Dairy, les fonctionnalit\u00e9s du site web et l&rsquo;application pour smartphone.<\/p>\n<p><span style=\"font-weight: 400;\"><a href=\"https:\/\/care4dairy.eu\/knowledge_base\/roadshow_calendar\/\">Calendrier des tourn\u00e9es de pr\u00e9sentation<\/a>.<\/span><\/p>\n<\/div><\/div><\/div><\/div><\/div>\n","protected":false},"excerpt":{"rendered":"","protected":false},"author":8,"featured_media":0,"parent":0,"menu_order":0,"comment_status":"closed","ping_status":"closed","template":"100-width.php","meta":{"_acf_changed":false,"_bbp_topic_count":0,"_bbp_reply_count":0,"_bbp_total_topic_count":0,"_bbp_total_reply_count":0,"_bbp_voice_count":0,"_bbp_anonymous_reply_count":0,"_bbp_topic_count_hidden":0,"_bbp_reply_count_hidden":0,"_bbp_forum_subforum_count":0,"inline_featured_image":false,"footnotes":""},"class_list":["post-8159","page","type-page","status-publish","hentry"],"acf":[],"_links":{"self":[{"href":"https:\/\/care4dairy.eu\/fr\/wp-json\/wp\/v2\/pages\/8159","targetHints":{"allow":["GET"]}}],"collection":[{"href":"https:\/\/care4dairy.eu\/fr\/wp-json\/wp\/v2\/pages"}],"about":[{"href":"https:\/\/care4dairy.eu\/fr\/wp-json\/wp\/v2\/types\/page"}],"author":[{"embeddable":true,"href":"https:\/\/care4dairy.eu\/fr\/wp-json\/wp\/v2\/users\/8"}],"replies":[{"embeddable":true,"href":"https:\/\/care4dairy.eu\/fr\/wp-json\/wp\/v2\/comments?post=8159"}],"version-history":[{"count":3,"href":"https:\/\/care4dairy.eu\/fr\/wp-json\/wp\/v2\/pages\/8159\/revisions"}],"predecessor-version":[{"id":20115,"href":"https:\/\/care4dairy.eu\/fr\/wp-json\/wp\/v2\/pages\/8159\/revisions\/20115"}],"wp:attachment":[{"href":"https:\/\/care4dairy.eu\/fr\/wp-json\/wp\/v2\/media?parent=8159"}],"curies":[{"name":"wp","href":"https:\/\/api.w.org\/{rel}","templated":true}]}}