{"id":7952,"date":"2023-07-03T16:48:15","date_gmt":"2023-07-03T16:48:15","guid":{"rendered":"https:\/\/care4dairy.eu\/about-best-practice-guides\/"},"modified":"2024-05-30T13:15:14","modified_gmt":"2024-05-30T13:15:14","slug":"about-best-practice-guides","status":"publish","type":"page","link":"https:\/\/care4dairy.eu\/it\/about-best-practice-guides\/","title":{"rendered":"Linee Guida alle best practices"},"content":{"rendered":"<div class=\"fusion-fullwidth fullwidth-box fusion-builder-row-1 fusion-flex-container has-pattern-background has-mask-background nonhundred-percent-fullwidth non-hundred-percent-height-scrolling\" style=\"--awb-border-radius-top-left:0px;--awb-border-radius-top-right:0px;--awb-border-radius-bottom-right:0px;--awb-border-radius-bottom-left:0px;--awb-flex-wrap:wrap;\" ><div class=\"fusion-builder-row fusion-row fusion-flex-align-items-flex-start fusion-flex-content-wrap\" style=\"max-width:1420.64px;margin-left: calc(-4% \/ 2 );margin-right: calc(-4% \/ 2 );\"><div class=\"fusion-layout-column fusion_builder_column fusion-builder-column-0 fusion_builder_column_1_1 1_1 fusion-flex-column\" style=\"--awb-bg-size:cover;--awb-width-large:100%;--awb-margin-top-large:0px;--awb-spacing-right-large:1.92%;--awb-margin-bottom-large:20px;--awb-spacing-left-large:1.92%;--awb-width-medium:100%;--awb-order-medium:0;--awb-spacing-right-medium:1.92%;--awb-spacing-left-medium:1.92%;--awb-width-small:100%;--awb-order-small:0;--awb-spacing-right-small:1.92%;--awb-spacing-left-small:1.92%;\"><div class=\"fusion-column-wrapper fusion-column-has-shadow fusion-flex-justify-content-flex-start fusion-content-layout-column\"><div class=\"fusion-title title fusion-title-1 fusion-sep-none fusion-title-text fusion-title-size-one\"><h1 class=\"fusion-title-heading title-heading-left\" style=\"margin:0;\"><b>Linee Guida alle<\/b><b><i> best practices<\/i><\/b><\/h1><\/div><div class=\"fusion-text fusion-text-1\"><p><span style=\"font-weight: 400;\">L&#8217;UE dispone di alcuni degli <\/span><i><span style=\"font-weight: 400;\">standard<\/span><\/i><span style=\"font-weight: 400;\"> normativi pi\u00f9 elevati al mondo in materia di benessere degli animali, che comprendono requisiti generali sull&#8217;allevamento, il trasporto e la macellazione degli animali da allevamento e requisiti specifici per alcune specie, in linea con le attuali evidenze scientifiche e utilizza diverse politiche per raggiungere questo obiettivo.<\/span><\/p>\n<\/div><div class=\"fusion-image-element awb-imageframe-style awb-imageframe-style-below awb-imageframe-style-1\" style=\"text-align:center;--awb-caption-title-font-family:var(--h3_typography-font-family);--awb-caption-title-font-weight:var(--h3_typography-font-weight);--awb-caption-title-font-style:var(--h3_typography-font-style);--awb-caption-title-size:var(--h3_typography-font-size);--awb-caption-title-transform:var(--h3_typography-text-transform);--awb-caption-title-line-height:var(--h3_typography-line-height);--awb-caption-title-letter-spacing:var(--h3_typography-letter-spacing);\"><span class=\" fusion-imageframe imageframe-none imageframe-1 hover-type-none\"><img decoding=\"async\" width=\"2547\" height=\"1198\" src=\"https:\/\/care4dairy.eu\/wp-content\/uploads\/2024\/05\/ECA_IT-1-scaled-e1717074895830.jpg\" alt class=\"img-responsive wp-image-16821\" srcset=\"https:\/\/care4dairy.eu\/wp-content\/uploads\/2024\/05\/ECA_IT-1-scaled-e1717074895830-200x94.jpg 200w, https:\/\/care4dairy.eu\/wp-content\/uploads\/2024\/05\/ECA_IT-1-scaled-e1717074895830-400x188.jpg 400w, https:\/\/care4dairy.eu\/wp-content\/uploads\/2024\/05\/ECA_IT-1-scaled-e1717074895830-600x282.jpg 600w, https:\/\/care4dairy.eu\/wp-content\/uploads\/2024\/05\/ECA_IT-1-scaled-e1717074895830-800x376.jpg 800w, https:\/\/care4dairy.eu\/wp-content\/uploads\/2024\/05\/ECA_IT-1-scaled-e1717074895830-1200x564.jpg 1200w, https:\/\/care4dairy.eu\/wp-content\/uploads\/2024\/05\/ECA_IT-1-scaled-e1717074895830.jpg 2547w\" sizes=\"(max-width: 640px) 100vw, 2547px\" \/><\/span><div class=\"awb-imageframe-caption-container\" style=\"text-align:center;\"><div class=\"awb-imageframe-caption\"><p class=\"awb-imageframe-caption-text\">Figura 1. Azioni nell\u2019UE aventi un impatto sul benessere degli animali<\/p><\/div><\/div><\/div><div class=\"fusion-text fusion-text-2\"><p><span style=\"font-weight: 400;\">L&#8217;inserimento di <\/span><i><span style=\"font-weight: 400;\">best practices<\/span><\/i><span style=\"font-weight: 400;\"> nella legislazione \u00e8 una di queste politiche. Ci sono importanti regolamenti che riguardano il benessere degli animali da allevamento, e in particolare dei vitelli, ma non ci sono regolamenti che riguardano i requisiti unici delle vacche da latte. Dal 2008, anno in cui sono stati definiti nella legislazione gli standard minimi per i vitelli, sono stati compiuti notevoli progressi scientifici nella comprensione delle esigenze dei vitelli, della loro gestione e dei fattori di rischio. Una seconda politica \u00e8 rappresentata dalle linee guida per le <\/span><i><span style=\"font-weight: 400;\">best practices,<\/span><\/i><span style=\"font-weight: 400;\"> utile a consentire una pi\u00f9 agile diffusione delle nuove conoscenze, un costante aggiornamento e un\u2019implementazione dei cambiamenti nelle aziende agricole, al fine di andare oltre i requisiti minimi stabiliti per legge.<\/span><\/p>\n<p><b>Le linee guida alle <\/b><b><i>best practices<\/i><\/b><b>, che si basano sia sulla letteratura scientifica sia su pratiche agricole e di filiera innovative, possono produrre benefici reali e offrire un mezzo per preparare l&#8217;industria alle nuove normative.<\/b><\/p>\n<p><span style=\"font-weight: 400;\">Il consorzio Care4Dairy ha collaborato alla stesura di Linee guida alle <\/span><i><span style=\"font-weight: 400;\">best practices<\/span><\/i><span style=\"font-weight: 400;\"> che coprono quattro fasi di vita degli animali dell&#8217;industria lattiero-casearia: <\/span><span style=\"font-weight: 400;\">vitelli, manze, vacche in lattazione e vacche a fine carriera<\/span><span style=\"font-weight: 400;\">. Queste guide consistono in una raccolta di schede informative.\u00a0<\/span><\/p>\n<p><span style=\"font-weight: 400;\">Ai fini del presente progetto: per vitelli s\u2019intendono i bovini dalla nascita ai 12 mesi di et\u00e0; con il termine manze si intendono i bovini di et\u00e0 compresa tra i 13 e i 24 mesi; per vacche si intendono i bovini di oltre 2 anni di et\u00e0; per animali a fine carriera si intendono i bovini di et\u00e0 compresa tra i 2 anni e la fine della loro vita produttiva a causa di morte naturale, malattia o infortunio.<\/span><\/p>\n<\/div><\/div><\/div><\/div><\/div>\n","protected":false},"excerpt":{"rendered":"","protected":false},"author":8,"featured_media":0,"parent":0,"menu_order":0,"comment_status":"closed","ping_status":"closed","template":"100-width.php","meta":{"_acf_changed":false,"_bbp_topic_count":0,"_bbp_reply_count":0,"_bbp_total_topic_count":0,"_bbp_total_reply_count":0,"_bbp_voice_count":0,"_bbp_anonymous_reply_count":0,"_bbp_topic_count_hidden":0,"_bbp_reply_count_hidden":0,"_bbp_forum_subforum_count":0,"inline_featured_image":false,"footnotes":""},"class_list":["post-7952","page","type-page","status-publish","hentry"],"acf":[],"_links":{"self":[{"href":"https:\/\/care4dairy.eu\/it\/wp-json\/wp\/v2\/pages\/7952","targetHints":{"allow":["GET"]}}],"collection":[{"href":"https:\/\/care4dairy.eu\/it\/wp-json\/wp\/v2\/pages"}],"about":[{"href":"https:\/\/care4dairy.eu\/it\/wp-json\/wp\/v2\/types\/page"}],"author":[{"embeddable":true,"href":"https:\/\/care4dairy.eu\/it\/wp-json\/wp\/v2\/users\/8"}],"replies":[{"embeddable":true,"href":"https:\/\/care4dairy.eu\/it\/wp-json\/wp\/v2\/comments?post=7952"}],"version-history":[{"count":10,"href":"https:\/\/care4dairy.eu\/it\/wp-json\/wp\/v2\/pages\/7952\/revisions"}],"predecessor-version":[{"id":16846,"href":"https:\/\/care4dairy.eu\/it\/wp-json\/wp\/v2\/pages\/7952\/revisions\/16846"}],"wp:attachment":[{"href":"https:\/\/care4dairy.eu\/it\/wp-json\/wp\/v2\/media?parent=7952"}],"curies":[{"name":"wp","href":"https:\/\/api.w.org\/{rel}","templated":true}]}}