{"id":8102,"date":"2022-08-04T21:11:14","date_gmt":"2022-08-04T21:11:14","guid":{"rendered":"https:\/\/care4dairy.eu\/disclaimer\/"},"modified":"2024-04-19T14:18:10","modified_gmt":"2024-04-19T14:18:10","slug":"disclaimer","status":"publish","type":"page","link":"https:\/\/care4dairy.eu\/it\/disclaimer\/","title":{"rendered":"Disclaimer"},"content":{"rendered":"<div class=\"fusion-fullwidth fullwidth-box fusion-builder-row-1 fusion-flex-container has-pattern-background has-mask-background nonhundred-percent-fullwidth non-hundred-percent-height-scrolling\" style=\"--awb-border-radius-top-left:0px;--awb-border-radius-top-right:0px;--awb-border-radius-bottom-right:0px;--awb-border-radius-bottom-left:0px;--awb-flex-wrap:wrap;\" ><div class=\"fusion-builder-row fusion-row fusion-flex-align-items-flex-start fusion-flex-content-wrap\" style=\"max-width:1420.64px;margin-left: calc(-4% \/ 2 );margin-right: calc(-4% \/ 2 );\"><div class=\"fusion-layout-column fusion_builder_column fusion-builder-column-0 fusion_builder_column_1_1 1_1 fusion-flex-column\" style=\"--awb-bg-size:cover;--awb-width-large:100%;--awb-margin-top-large:0px;--awb-spacing-right-large:1.92%;--awb-margin-bottom-large:20px;--awb-spacing-left-large:1.92%;--awb-width-medium:100%;--awb-order-medium:0;--awb-spacing-right-medium:1.92%;--awb-spacing-left-medium:1.92%;--awb-width-small:100%;--awb-order-small:0;--awb-spacing-right-small:1.92%;--awb-spacing-left-small:1.92%;\"><div class=\"fusion-column-wrapper fusion-column-has-shadow fusion-flex-justify-content-flex-start fusion-content-layout-column\"><div class=\"fusion-text fusion-text-1\"><p><strong>Care4Dairy Disclaimer<\/strong><\/p>\n<p><span style=\"font-weight: 400;\">Laddove non espressamente indicato, Care4Dairy si riserva il diritto di utilizzare le informazioni presentate sul proprio sito web e nelle proprie applicazioni. Tali informazioni possono includere testi, materiale grafico, registrazioni audio e loghi. Senza l&#8217;autorizzazione di Care4Dairy, \u00e8 vietato riprodurre, duplicare o rendere disponibile qualsiasi parte del contenuto dei suoi siti web.\u00a0<\/span><\/p>\n<p><span style=\"font-weight: 400;\">Pur facendo il possibile per pubblicare informazioni corrette e aggiornate, alcune informazioni potrebbero non essere del tutto accurate o aggiornate. In caso di dubbi, si prega di contattare info@care4dairy.eu.\u00a0<\/span><\/p>\n<p><span style=\"font-weight: 400;\">Per assistere e informare ulteriormente il visitatore, sono stati inseriti anche riferimenti a siti non gestiti da Care4Dairy. Care4Dairy non \u00e8 responsabile del contenuto e del funzionamento di questi siti, n\u00e9 delle offerte che vengono fatte. Care4Dairy non \u00e8 inoltre responsabile del modo in cui tali siti trattano le informazioni personali.\u00a0<\/span><\/p>\n<p><span style=\"font-weight: 400;\">I termini e le condizioni del presente Disclaimer possono essere modificati senza preavviso. Le modifiche entrano in vigore non appena vengono pubblicate sul sito web.<\/span><\/p>\n<p><span style=\"font-weight: 400;\">Le posizioni espresse in questo rapporto non rappresentano necessariamente in termini legali la posizione ufficiale della Commissione Europea.<\/span><\/p>\n<\/div><\/div><\/div><\/div><\/div>\n","protected":false},"excerpt":{"rendered":"","protected":false},"author":8,"featured_media":0,"parent":0,"menu_order":0,"comment_status":"closed","ping_status":"closed","template":"100-width.php","meta":{"_acf_changed":false,"_bbp_topic_count":0,"_bbp_reply_count":0,"_bbp_total_topic_count":0,"_bbp_total_reply_count":0,"_bbp_voice_count":0,"_bbp_anonymous_reply_count":0,"_bbp_topic_count_hidden":0,"_bbp_reply_count_hidden":0,"_bbp_forum_subforum_count":0,"inline_featured_image":false,"footnotes":""},"class_list":["post-8102","page","type-page","status-publish","hentry"],"acf":[],"_links":{"self":[{"href":"https:\/\/care4dairy.eu\/it\/wp-json\/wp\/v2\/pages\/8102","targetHints":{"allow":["GET"]}}],"collection":[{"href":"https:\/\/care4dairy.eu\/it\/wp-json\/wp\/v2\/pages"}],"about":[{"href":"https:\/\/care4dairy.eu\/it\/wp-json\/wp\/v2\/types\/page"}],"author":[{"embeddable":true,"href":"https:\/\/care4dairy.eu\/it\/wp-json\/wp\/v2\/users\/8"}],"replies":[{"embeddable":true,"href":"https:\/\/care4dairy.eu\/it\/wp-json\/wp\/v2\/comments?post=8102"}],"version-history":[{"count":2,"href":"https:\/\/care4dairy.eu\/it\/wp-json\/wp\/v2\/pages\/8102\/revisions"}],"predecessor-version":[{"id":8104,"href":"https:\/\/care4dairy.eu\/it\/wp-json\/wp\/v2\/pages\/8102\/revisions\/8104"}],"wp:attachment":[{"href":"https:\/\/care4dairy.eu\/it\/wp-json\/wp\/v2\/media?parent=8102"}],"curies":[{"name":"wp","href":"https:\/\/api.w.org\/{rel}","templated":true}]}}