{"id":8006,"date":"2022-08-04T20:04:00","date_gmt":"2022-08-04T20:04:00","guid":{"rendered":"https:\/\/care4dairy.eu\/o-nas-care4dairy\/"},"modified":"2024-05-14T15:02:39","modified_gmt":"2024-05-14T15:02:39","slug":"o-nas-care4dairy","status":"publish","type":"page","link":"https:\/\/care4dairy.eu\/pl\/o-nas-care4dairy\/","title":{"rendered":"O nas &#8211; Care4Dairy"},"content":{"rendered":"<p><div class=\"fusion-fullwidth fullwidth-box fusion-builder-row-1 fusion-flex-container has-pattern-background has-mask-background nonhundred-percent-fullwidth non-hundred-percent-height-scrolling\" style=\"--awb-border-radius-top-left:0px;--awb-border-radius-top-right:0px;--awb-border-radius-bottom-right:0px;--awb-border-radius-bottom-left:0px;--awb-flex-wrap:wrap;\" ><div class=\"fusion-builder-row fusion-row fusion-flex-align-items-flex-start fusion-flex-content-wrap\" style=\"max-width:1420.64px;margin-left: calc(-4% \/ 2 );margin-right: calc(-4% \/ 2 );\"><div class=\"fusion-layout-column fusion_builder_column fusion-builder-column-0 fusion_builder_column_1_1 1_1 fusion-flex-column\" style=\"--awb-bg-size:cover;--awb-width-large:100%;--awb-margin-top-large:0px;--awb-spacing-right-large:1.92%;--awb-margin-bottom-large:20px;--awb-spacing-left-large:1.92%;--awb-width-medium:100%;--awb-order-medium:0;--awb-spacing-right-medium:1.92%;--awb-spacing-left-medium:1.92%;--awb-width-small:100%;--awb-order-small:0;--awb-spacing-right-small:1.92%;--awb-spacing-left-small:1.92%;\"><div class=\"fusion-column-wrapper fusion-column-has-shadow fusion-flex-justify-content-flex-start fusion-content-layout-column\"><div class=\"fusion-title title fusion-title-1 fusion-sep-none fusion-title-text fusion-title-size-one\"><h1 class=\"fusion-title-heading title-heading-left\" style=\"margin:0;\">O Care4Dairy<\/h1><\/div><div class=\"fusion-text fusion-text-1\"><p>CARE4DAIRY opracowa\u0142o wytyczne dotycz\u0105ce najlepszych praktyk w celu wspierania dobrostanu ciel\u0105t, ja\u0142\u00f3wek i kr\u00f3w mlecznych oraz zwierz\u0105t po zako\u0144czeniu produkcji mlecznej. Wytyczne sk\u0142adaj\u0105 si\u0119 z serii arkuszy informacyjnych dotycz\u0105cych kluczowych temat\u00f3w. Projekt jest skoncentrowany na rolnikach i korzysta z zaanga\u017cowania szeregu zainteresowanych stron z organizacji rolniczych i weterynaryjnych, a tak\u017ce \u015brodowisk akademickich.<\/p>\n<p>Konsorcjum CARE4DAIRY sk\u0142ada si\u0119 z pi\u0119ciu partner\u00f3w z European Union Reference Centre for Animal Welfare (EURCAW) &#8211; Ruminants &amp; Equines: Profesor Harry Blokhuis (koordynator) i Birgitta Staaf Larsson, Szwedzki Uniwersytet Nauk Rolniczych (SLU), Dr Isabelle Veissier (INRAE, Francja), Dr Evangelia Sossidou (ELGO-DIMITRA, Weterynaryjny Instytut Badawczy, Grecja), Dr Silvia D&#8217;Albenzio (IZSAM, W\u0142ochy) oraz Profesorowie Alison Hanlon i Siobhan Mullan (UCD, Irlandia). Specjali\u015bci IDELE i Phylum (Francja) w dziedzinie bada\u0144 stosowanych i nauk interdyscyplinarnych s\u0105 r\u00f3wnie\u017c cz\u0119\u015bci\u0105 konsorcjum.<\/p>\n<\/div><div class=\"fusion-text fusion-text-2\"><p><span style=\"font-weight: 400;\">Care4Dairy podzielono na pi\u0119\u0107 zada\u0144:<\/span><\/p>\n<ul>\n<li><span style=\"font-weight: 400;\">Zadanie 1: Okre\u015blenie metodologii i planu pracy <\/span><\/li>\n<li>Zadanie 2: Zbieranie informacji naukowych i technicznych na temat dobrostanu byd\u0142a mlecznego<\/li>\n<li>Zadanie 3: Opracowanie i ocena przewodnik\u00f3w po najlepszych praktykach<\/li>\n<li>Zadanie 4: Konsultacje z interesariuszami i finalizacja najlepszych praktyk<\/li>\n<li>Zadanie 5: Opracowanie i wdro\u017cenie strategii rozpowszechniania wiedzy i informacji<\/li>\n<\/ul>\n<p><span style=\"font-weight: 400;\">W celu opracowania najlepszych praktyk istotnych dla produkcji mleczarskiej w pa\u0144stwach cz\u0142onkowskich UE, w kilku z nich przeprowadzono krajowe konsultacje z kluczowymi interesariuszami. Informacje zwrotne z procesu konsultacji zosta\u0142y wykorzystane do udoskonalenia arkuszy informacyjnych pod wzgl\u0119dem ich u\u017cyteczno\u015bci i zapewnienia, \u017ce s\u0105 one gotowe do wdro\u017cenia w gospodarstwie.<\/span><\/p>\n<p><span style=\"font-weight: 400;\">Przewodniki najlepszych praktyk i arkusze informacyjne b\u0119d\u0105 dost\u0119pne na naszej wieloj\u0119zycznej stronie internetowej oraz w aplikacji Care4Dairy na smartfony i b\u0119d\u0105 stanowi\u0107 podstaw\u0119 wielu wydarze\u0144 szkoleniowych w kilku pa\u0144stwach cz\u0142onkowskich UE.<\/span><\/p>\n<p><span style=\"font-weight: 400;\">Aby uzyska\u0107 wi\u0119cej informacji na temat projektu Care4Dairy prosimy o kontakt pod adresem<\/span> <a href=\"mailto:info@care4dairy.eu\"><span style=\"font-weight: 400;\">info@care4dairy.eu.<\/span><\/a><\/p>\n<\/div><\/div><\/div><\/div><\/div><div class=\"fusion-fullwidth fullwidth-box fusion-builder-row-2 fusion-flex-container has-pattern-background has-mask-background nonhundred-percent-fullwidth non-hundred-percent-height-scrolling\" style=\"--awb-border-radius-top-left:0px;--awb-border-radius-top-right:0px;--awb-border-radius-bottom-right:0px;--awb-border-radius-bottom-left:0px;--awb-flex-wrap:wrap;\" ><div class=\"fusion-builder-row fusion-row fusion-flex-align-items-flex-start fusion-flex-content-wrap\" style=\"max-width:1420.64px;margin-left: calc(-4% \/ 2 );margin-right: calc(-4% \/ 2 );\"><div class=\"fusion-layout-column fusion_builder_column fusion-builder-column-1 fusion_builder_column_1_1 1_1 fusion-flex-column\" style=\"--awb-bg-size:cover;--awb-width-large:100%;--awb-margin-top-large:0px;--awb-spacing-right-large:1.92%;--awb-margin-bottom-large:20px;--awb-spacing-left-large:1.92%;--awb-width-medium:100%;--awb-order-medium:0;--awb-spacing-right-medium:1.92%;--awb-spacing-left-medium:1.92%;--awb-width-small:100%;--awb-order-small:0;--awb-spacing-right-small:1.92%;--awb-spacing-left-small:1.92%;\"><div class=\"fusion-column-wrapper fusion-column-has-shadow fusion-flex-justify-content-flex-start fusion-content-layout-column\"><div class=\"fusion-image-element \" style=\"--awb-caption-title-font-family:var(--h2_typography-font-family);--awb-caption-title-font-weight:var(--h2_typography-font-weight);--awb-caption-title-font-style:var(--h2_typography-font-style);--awb-caption-title-size:var(--h2_typography-font-size);--awb-caption-title-transform:var(--h2_typography-text-transform);--awb-caption-title-line-height:var(--h2_typography-line-height);--awb-caption-title-letter-spacing:var(--h2_typography-letter-spacing);\"><span class=\" fusion-imageframe imageframe-none imageframe-2 hover-type-none\"><img decoding=\"async\" width=\"1912\" height=\"226\" title=\"C4D Logos &#8211; 1\" src=\"https:\/\/care4dairy.eu\/wp-content\/uploads\/2024\/05\/C4D-Logos-1.jpg\" alt class=\"img-responsive wp-image-13210\" srcset=\"https:\/\/care4dairy.eu\/wp-content\/uploads\/2024\/05\/C4D-Logos-1-200x24.jpg 200w, https:\/\/care4dairy.eu\/wp-content\/uploads\/2024\/05\/C4D-Logos-1-400x47.jpg 400w, https:\/\/care4dairy.eu\/wp-content\/uploads\/2024\/05\/C4D-Logos-1-600x71.jpg 600w, https:\/\/care4dairy.eu\/wp-content\/uploads\/2024\/05\/C4D-Logos-1-800x95.jpg 800w, https:\/\/care4dairy.eu\/wp-content\/uploads\/2024\/05\/C4D-Logos-1-1200x142.jpg 1200w, https:\/\/care4dairy.eu\/wp-content\/uploads\/2024\/05\/C4D-Logos-1.jpg 1912w\" sizes=\"(max-width: 640px) 100vw, 1912px\" \/><\/span><\/div><\/div><\/div><\/div><\/div><div class=\"fusion-fullwidth fullwidth-box fusion-builder-row-3 fusion-flex-container has-pattern-background has-mask-background nonhundred-percent-fullwidth non-hundred-percent-height-scrolling\" style=\"--awb-border-radius-top-left:0px;--awb-border-radius-top-right:0px;--awb-border-radius-bottom-right:0px;--awb-border-radius-bottom-left:0px;--awb-flex-wrap:wrap;\" ><div class=\"fusion-builder-row fusion-row fusion-flex-align-items-flex-start fusion-flex-content-wrap\" style=\"max-width:1420.64px;margin-left: calc(-4% \/ 2 );margin-right: calc(-4% \/ 2 );\"><\/div><\/div><\/p>\n","protected":false},"excerpt":{"rendered":"","protected":false},"author":8,"featured_media":0,"parent":0,"menu_order":0,"comment_status":"closed","ping_status":"closed","template":"100-width.php","meta":{"_acf_changed":false,"_bbp_topic_count":0,"_bbp_reply_count":0,"_bbp_total_topic_count":0,"_bbp_total_reply_count":0,"_bbp_voice_count":0,"_bbp_anonymous_reply_count":0,"_bbp_topic_count_hidden":0,"_bbp_reply_count_hidden":0,"_bbp_forum_subforum_count":0,"inline_featured_image":false,"footnotes":""},"class_list":["post-8006","page","type-page","status-publish","hentry"],"acf":[],"_links":{"self":[{"href":"https:\/\/care4dairy.eu\/pl\/wp-json\/wp\/v2\/pages\/8006","targetHints":{"allow":["GET"]}}],"collection":[{"href":"https:\/\/care4dairy.eu\/pl\/wp-json\/wp\/v2\/pages"}],"about":[{"href":"https:\/\/care4dairy.eu\/pl\/wp-json\/wp\/v2\/types\/page"}],"author":[{"embeddable":true,"href":"https:\/\/care4dairy.eu\/pl\/wp-json\/wp\/v2\/users\/8"}],"replies":[{"embeddable":true,"href":"https:\/\/care4dairy.eu\/pl\/wp-json\/wp\/v2\/comments?post=8006"}],"version-history":[{"count":9,"href":"https:\/\/care4dairy.eu\/pl\/wp-json\/wp\/v2\/pages\/8006\/revisions"}],"predecessor-version":[{"id":13231,"href":"https:\/\/care4dairy.eu\/pl\/wp-json\/wp\/v2\/pages\/8006\/revisions\/13231"}],"wp:attachment":[{"href":"https:\/\/care4dairy.eu\/pl\/wp-json\/wp\/v2\/media?parent=8006"}],"curies":[{"name":"wp","href":"https:\/\/api.w.org\/{rel}","templated":true}]}}