{"id":8176,"date":"2023-07-03T16:48:15","date_gmt":"2023-07-03T16:48:15","guid":{"rendered":"https:\/\/care4dairy.eu\/about-best-practice-guides\/"},"modified":"2024-05-30T13:16:31","modified_gmt":"2024-05-30T13:16:31","slug":"about-best-practice-guides","status":"publish","type":"page","link":"https:\/\/care4dairy.eu\/pl\/about-best-practice-guides\/","title":{"rendered":"Informacje o przewodnikach po najlepszych praktykach"},"content":{"rendered":"<div class=\"fusion-fullwidth fullwidth-box fusion-builder-row-1 fusion-flex-container has-pattern-background has-mask-background nonhundred-percent-fullwidth non-hundred-percent-height-scrolling\" style=\"--awb-border-radius-top-left:0px;--awb-border-radius-top-right:0px;--awb-border-radius-bottom-right:0px;--awb-border-radius-bottom-left:0px;--awb-flex-wrap:wrap;\" ><div class=\"fusion-builder-row fusion-row fusion-flex-align-items-flex-start fusion-flex-content-wrap\" style=\"max-width:1420.64px;margin-left: calc(-4% \/ 2 );margin-right: calc(-4% \/ 2 );\"><div class=\"fusion-layout-column fusion_builder_column fusion-builder-column-0 fusion_builder_column_1_1 1_1 fusion-flex-column\" style=\"--awb-bg-size:cover;--awb-width-large:100%;--awb-margin-top-large:0px;--awb-spacing-right-large:1.92%;--awb-margin-bottom-large:20px;--awb-spacing-left-large:1.92%;--awb-width-medium:100%;--awb-order-medium:0;--awb-spacing-right-medium:1.92%;--awb-spacing-left-medium:1.92%;--awb-width-small:100%;--awb-order-small:0;--awb-spacing-right-small:1.92%;--awb-spacing-left-small:1.92%;\"><div class=\"fusion-column-wrapper fusion-column-has-shadow fusion-flex-justify-content-flex-start fusion-content-layout-column\"><div class=\"fusion-title title fusion-title-1 fusion-sep-none fusion-title-text fusion-title-size-one\"><h1 class=\"fusion-title-heading title-heading-left\" style=\"margin:0;\"><b>Przewodniki po najlepszych praktykach<\/b><\/h1><\/div><div class=\"fusion-text fusion-text-1\"><p><span style=\"font-weight: 400;\">UE ma jedne z najwy\u017cszych na \u015bwiecie standard\u00f3w regulacyjnych w zakresie dobrostanu zwierz\u0105t, kt\u00f3re obejmuj\u0105 og\u00f3lne wymogi dotycz\u0105ce chowu, transportu i uboju zwierz\u0105t gospodarskich oraz szczeg\u00f3\u0142owe wymogi dla niekt\u00f3rych gatunk\u00f3w, zgodnie z aktualnymi dowodami naukowymi i wykorzystuje r\u00f3\u017cne metody legislacyjne, aby to osi\u0105gn\u0105\u0107.<\/span><\/p>\n<\/div><div class=\"fusion-image-element awb-imageframe-style awb-imageframe-style-below awb-imageframe-style-1\" style=\"text-align:center;--awb-caption-title-font-family:var(--h3_typography-font-family);--awb-caption-title-font-weight:var(--h3_typography-font-weight);--awb-caption-title-font-style:var(--h3_typography-font-style);--awb-caption-title-size:var(--h3_typography-font-size);--awb-caption-title-transform:var(--h3_typography-text-transform);--awb-caption-title-line-height:var(--h3_typography-line-height);--awb-caption-title-letter-spacing:var(--h3_typography-letter-spacing);\"><span class=\" fusion-imageframe imageframe-none imageframe-1 hover-type-none\"><img decoding=\"async\" width=\"2542\" height=\"1190\" src=\"https:\/\/care4dairy.eu\/wp-content\/uploads\/2024\/05\/ECA_PL-1-scaled-e1717074971660.jpg\" alt class=\"img-responsive wp-image-16847\" srcset=\"https:\/\/care4dairy.eu\/wp-content\/uploads\/2024\/05\/ECA_PL-1-scaled-e1717074971660-200x94.jpg 200w, https:\/\/care4dairy.eu\/wp-content\/uploads\/2024\/05\/ECA_PL-1-scaled-e1717074971660-400x187.jpg 400w, https:\/\/care4dairy.eu\/wp-content\/uploads\/2024\/05\/ECA_PL-1-scaled-e1717074971660-600x281.jpg 600w, https:\/\/care4dairy.eu\/wp-content\/uploads\/2024\/05\/ECA_PL-1-scaled-e1717074971660-800x375.jpg 800w, https:\/\/care4dairy.eu\/wp-content\/uploads\/2024\/05\/ECA_PL-1-scaled-e1717074971660-1200x562.jpg 1200w, https:\/\/care4dairy.eu\/wp-content\/uploads\/2024\/05\/ECA_PL-1-scaled-e1717074971660.jpg 2542w\" sizes=\"(max-width: 640px) 100vw, 2542px\" \/><\/span><div class=\"awb-imageframe-caption-container\" style=\"text-align:center;\"><div class=\"awb-imageframe-caption\"><p class=\"awb-imageframe-caption-text\">Rysunek 1. Dzia\u0142ania w UE maj\u0105ce wp\u0142yw na dobrostan zwierz\u0105t<\/p><\/div><\/div><\/div><div class=\"fusion-text fusion-text-2\"><p><span style=\"font-weight: 400;\">Zapisanie dobrych praktyk w prawodawstwie jest jedn\u0105 z takich metod legislacyjnych. Istniej\u0105 wa\u017cne przepisy obejmuj\u0105ce dobrostan zwierz\u0105t gospodarskich, w szczeg\u00f3lno\u015bci ciel\u0105t, jednak nie ma przepis\u00f3w obejmuj\u0105cych unikalne wymagania kr\u00f3w mlecznych. Od 2008 roku, kiedy minimalne standardy dla ciel\u0105t zosta\u0142y zdefiniowane w przepisach, nast\u0105pi\u0142 znaczny post\u0119p naukowy w naszym zrozumieniu potrzeb ciel\u0105t, zarz\u0105dzania nimi i czynnik\u00f3w ryzyka z\u0142ego dobrostanu. Drug\u0105 metod\u0105 umo\u017cliwiaj\u0105c\u0105 sprawniejsze rozpowszechnianie nowej wiedzy i wdra\u017canie zmian w gospodarstwach s\u0105 wytyczne dotycz\u0105ce najlepszych praktyk, kt\u00f3re mog\u0105 wykracza\u0107 poza minima prawne i by\u0107 regularnie aktualizowane.<\/span><\/p>\n<p><b>Wytyczne dotycz\u0105ce najlepszych praktyk, kt\u00f3re opieraj\u0105 si\u0119 zar\u00f3wno na literaturze naukowej jak i innowacyjnych praktykach w gospodarstwach rolnych i \u0142a\u0144cuchu dostaw, mog\u0105 przynie\u015b\u0107 realne korzy\u015bci i zaoferowa\u0107 \u015brodki przygotowuj\u0105ce bran\u017c\u0119 na nowe przepisy.<\/b><\/p>\n<p><span style=\"font-weight: 400;\">Konsorcjum Care4Dairy podj\u0119\u0142o wsp\u00f3\u0142prac\u0119 w celu opracowania przewodnik\u00f3w najlepszych praktyk obejmuj\u0105cych cztery etapy \u017cycia zwierz\u0105t w przemy\u015ble mleczarskim: ciel\u0119ta, ja\u0142\u00f3wki, krowy i zwierz\u0119ta po zako\u0144czeniu produkcji mlecznej. Przewodniki te sk\u0142adaj\u0105 si\u0119 z kompilacji arkuszy informacyjnych.\u00a0<\/span><\/p>\n<p><span style=\"font-weight: 400;\">Dla cel\u00f3w tego projektu: ciel\u0119ta s\u0105 definiowane jako byd\u0142o w wieku od urodzenia do 12 miesi\u0119cy; ja\u0142\u00f3wki s\u0105 zwykle w wieku od 13 do 24 miesi\u0119cy; doros\u0142e krowy maj\u0105 ponad 2 lata, a: krowy, kt\u00f3re ko\u0144cz\u0105 produkcj\u0119 mleka &#8211; mog\u0105 by\u0107 w ka\u017cdym wieku od 2 lat do zako\u0144czenia ich produktywnego \u017cycia z powodu naturalnego uboju, choroby lub urazu.<\/span><\/p>\n<\/div><\/div><\/div><\/div><\/div>\n","protected":false},"excerpt":{"rendered":"","protected":false},"author":8,"featured_media":0,"parent":0,"menu_order":0,"comment_status":"closed","ping_status":"closed","template":"100-width.php","meta":{"_acf_changed":false,"_bbp_topic_count":0,"_bbp_reply_count":0,"_bbp_total_topic_count":0,"_bbp_total_reply_count":0,"_bbp_voice_count":0,"_bbp_anonymous_reply_count":0,"_bbp_topic_count_hidden":0,"_bbp_reply_count_hidden":0,"_bbp_forum_subforum_count":0,"inline_featured_image":false,"footnotes":""},"class_list":["post-8176","page","type-page","status-publish","hentry"],"acf":[],"_links":{"self":[{"href":"https:\/\/care4dairy.eu\/pl\/wp-json\/wp\/v2\/pages\/8176","targetHints":{"allow":["GET"]}}],"collection":[{"href":"https:\/\/care4dairy.eu\/pl\/wp-json\/wp\/v2\/pages"}],"about":[{"href":"https:\/\/care4dairy.eu\/pl\/wp-json\/wp\/v2\/types\/page"}],"author":[{"embeddable":true,"href":"https:\/\/care4dairy.eu\/pl\/wp-json\/wp\/v2\/users\/8"}],"replies":[{"embeddable":true,"href":"https:\/\/care4dairy.eu\/pl\/wp-json\/wp\/v2\/comments?post=8176"}],"version-history":[{"count":11,"href":"https:\/\/care4dairy.eu\/pl\/wp-json\/wp\/v2\/pages\/8176\/revisions"}],"predecessor-version":[{"id":16872,"href":"https:\/\/care4dairy.eu\/pl\/wp-json\/wp\/v2\/pages\/8176\/revisions\/16872"}],"wp:attachment":[{"href":"https:\/\/care4dairy.eu\/pl\/wp-json\/wp\/v2\/media?parent=8176"}],"curies":[{"name":"wp","href":"https:\/\/api.w.org\/{rel}","templated":true}]}}